{"id":103,"date":"2024-11-14T14:48:17","date_gmt":"2024-11-14T14:48:17","guid":{"rendered":"http:\/\/uniejow.local\/?page_id=103"},"modified":"2024-12-02T14:43:26","modified_gmt":"2024-12-02T14:43:26","slug":"formularz-uslugi-doradczej-dla-przedsiebiorcy","status":"publish","type":"page","link":"https:\/\/uniejow.pl\/ucop\/formularz-uslugi-doradczej-dla-przedsiebiorcy\/","title":{"rendered":"Formularz us\u0142ugi doradczej dla przedsi\u0119biorcy"},"content":{"rendered":"\n<div class=\"wpcf7 no-js\" id=\"wpcf7-f107-o1\" lang=\"pl-PL\" dir=\"ltr\" data-wpcf7-id=\"107\">\n<div class=\"screen-reader-response\"><p role=\"status\" aria-live=\"polite\" aria-atomic=\"true\"><\/p> <ul><\/ul><\/div>\n<form action=\"\/ucop\/wp-json\/wp\/v2\/pages\/103#wpcf7-f107-o1\" method=\"post\" class=\"wpcf7-form init\" aria-label=\"Formularz kontaktowy\" novalidate=\"novalidate\" data-status=\"init\">\n<div style=\"display: none;\">\n<input type=\"hidden\" name=\"_wpcf7\" value=\"107\" \/>\n<input type=\"hidden\" name=\"_wpcf7_version\" value=\"6.0\" \/>\n<input type=\"hidden\" name=\"_wpcf7_locale\" value=\"pl_PL\" \/>\n<input type=\"hidden\" name=\"_wpcf7_unit_tag\" value=\"wpcf7-f107-o1\" \/>\n<input type=\"hidden\" name=\"_wpcf7_container_post\" value=\"0\" \/>\n<input type=\"hidden\" name=\"_wpcf7_posted_data_hash\" value=\"\" \/>\n<input type=\"hidden\" name=\"_wpcf7cf_hidden_group_fields\" value=\"[]\" \/>\n<input type=\"hidden\" name=\"_wpcf7cf_hidden_groups\" value=\"[]\" \/>\n<input type=\"hidden\" name=\"_wpcf7cf_visible_groups\" value=\"[]\" \/>\n<input type=\"hidden\" name=\"_wpcf7cf_repeaters\" value=\"[]\" \/>\n<input type=\"hidden\" name=\"_wpcf7cf_steps\" value=\"{}\" \/>\n<input type=\"hidden\" name=\"_wpcf7cf_options\" value=\"{&quot;form_id&quot;:107,&quot;conditions&quot;:[{&quot;then_field&quot;:&quot;0&quot;,&quot;and_rules&quot;:[{&quot;if_field&quot;:&quot;workplace_improve&quot;,&quot;operator&quot;:&quot;equals&quot;,&quot;if_value&quot;:&quot;Tak&quot;}]},{&quot;then_field&quot;:&quot;1&quot;,&quot;and_rules&quot;:[{&quot;if_field&quot;:&quot;workplace_improve2&quot;,&quot;operator&quot;:&quot;equals&quot;,&quot;if_value&quot;:&quot;Tak&quot;}]},{&quot;then_field&quot;:&quot;2&quot;,&quot;and_rules&quot;:[{&quot;if_field&quot;:&quot;workplace_improve3&quot;,&quot;operator&quot;:&quot;equals&quot;,&quot;if_value&quot;:&quot;Tak&quot;}]},{&quot;then_field&quot;:&quot;3&quot;,&quot;and_rules&quot;:[{&quot;if_field&quot;:&quot;workplace_improve4&quot;,&quot;operator&quot;:&quot;equals&quot;,&quot;if_value&quot;:&quot;Tak&quot;}]},{&quot;then_field&quot;:&quot;eu&quot;,&quot;and_rules&quot;:[{&quot;if_field&quot;:&quot;industry4a&quot;,&quot;operator&quot;:&quot;equals&quot;,&quot;if_value&quot;:&quot;europejskie&quot;}]},{&quot;then_field&quot;:&quot;noeu&quot;,&quot;and_rules&quot;:[{&quot;if_field&quot;:&quot;industry4a&quot;,&quot;operator&quot;:&quot;equals&quot;,&quot;if_value&quot;:&quot;pozaeuropejskie&quot;}]},{&quot;then_field&quot;:&quot;4&quot;,&quot;and_rules&quot;:[{&quot;if_field&quot;:&quot;industry4f&quot;,&quot;operator&quot;:&quot;equals&quot;,&quot;if_value&quot;:&quot;Tak&quot;}]}],&quot;settings&quot;:{&quot;animation&quot;:&quot;yes&quot;,&quot;animation_intime&quot;:200,&quot;animation_outtime&quot;:200,&quot;conditions_ui&quot;:&quot;normal&quot;,&quot;notice_dismissed&quot;:false}}\" \/>\n<input type=\"hidden\" name=\"_wpcf7_recaptcha_response\" value=\"\" \/>\n<\/div>\n<p class=\"form_title my-4\">OBOWI\u0104ZEK PODANIA DANYCH:\n<\/p>\n<p>Podanie danych osobowych jest dobrowolne, jednak\u017ce konieczne w celu zawarcia oraz realizacji postanowie\u0144 umowy i wsp\u00f3\u0142pracy. W przypadku niepodania danych osobowych nie b\u0119dzie mo\u017cliwe wype\u0142nienie powy\u017cszych cel\u00f3w w tym realizacja postanowie\u0144 zawartej umowy.\n<\/p>\n<p class=\"rodosmall my-3\">* <b>Mowa o:<\/b> Rozporz\u0105dzeniu Parlamentu Europejskiego i Rady (UE) 2016\/679 z dnia 27 kwietnia 2016 r. w sprawie ochrony os\u00f3b fizycznych w zwi\u0105zku z przetwarzaniem danych osobowych i w sprawie swobodnego przep\u0142ywu takich danych oraz uchylenia dyrektywy 95\/46\/WE\n<\/p>\n<p class=\"my-3\"><span id=\"currentdate\" class=\"my=3\" style=\"float:right;\"><\/span>\n<\/p>\n<p><span class=\"wpcf7-form-control-wrap\" data-name=\"time\"><textarea cols=\"40\" rows=\"10\" maxlength=\"2000\" class=\"wpcf7-form-control wpcf7-textarea timeform\" aria-invalid=\"false\" name=\"time\"><\/textarea><\/span><br \/>\n<span class=\"wpcf7-form-control-wrap\" data-name=\"date\"><textarea cols=\"40\" rows=\"10\" maxlength=\"2000\" class=\"wpcf7-form-control wpcf7-textarea dateform\" aria-invalid=\"false\" name=\"date\"><\/textarea><\/span><br \/>\n<span class=\"wpcf7-form-control-wrap\" data-name=\"rodo\"><span class=\"wpcf7-form-control wpcf7-acceptance\"><span class=\"wpcf7-list-item\"><label><input type=\"checkbox\" name=\"rodo\" value=\"1\" class=\"my-2\" aria-invalid=\"false\" \/><span class=\"wpcf7-list-item-label\">o\u015bwiadczam, \u017ce zapozna\u0142em\/-\u0142am si\u0119 z <a href=\"https:\/\/uniejow.pl\/ucop\/rodo\">obowi\u0105zkiem informacyjnym RODO<\/a><\/span><\/label><\/span><\/span><\/span>\n<\/p>\n<p><b>(brak odznaczenia spowoduje niemo\u017cno\u015b\u0107 przej\u015bcia do dalszego formularza)<\/b>\n<\/p>\n<p class=\"form_title mb-4\">Wype\u0142nij formularz zg\u0142oszeniowy\n<\/p>\n<div class = 'row contact_form_conntent'>\n\t<div class = 'col-sm-12 col-md-12 cell'>\n\t\t<div class='col-sm-12 col-md-12'>\n\t\t\t<p><label for = 'company'>Nazwa firmy<\/label><br \/>\n<span class=\"wpcf7-form-control-wrap\" data-name=\"company\"><input size=\"40\" maxlength=\"400\" class=\"wpcf7-form-control wpcf7-text wpcf7-validates-as-required firma-form\" aria-required=\"true\" aria-invalid=\"false\" placeholder=\"Nazwa firmy\" value=\"\" type=\"text\" name=\"company\" \/><\/span>\n\t\t\t<\/p>\n\t\t<\/div>\n\t\t<div class='col-sm-12 col-md-12'>\n\t\t\t<p><label for = 'your-email'>Tw\u00f3j adres e-mail<\/label><br \/>\n<span class=\"wpcf7-form-control-wrap\" data-name=\"your-email\"><input size=\"40\" maxlength=\"400\" class=\"wpcf7-form-control wpcf7-email wpcf7-validates-as-required wpcf7-text wpcf7-validates-as-email email-form\" aria-required=\"true\" aria-invalid=\"false\" placeholder=\"Adres e-mail\" value=\"\" type=\"email\" name=\"your-email\" \/><\/span>\n\t\t\t<\/p>\n\t\t<\/div>\n\t\t<div class='col-sm-12 col-md-12'>\n\t\t\t<p><label for = 'your-phone'>Numer telefonu<\/label><br \/>\n<span class=\"wpcf7-form-control-wrap\" data-name=\"your-phone\"><input size=\"40\" maxlength=\"400\" class=\"wpcf7-form-control wpcf7-tel wpcf7-text wpcf7-validates-as-tel number-form\" aria-invalid=\"false\" placeholder=\"Numer telefonu\" value=\"\" type=\"tel\" name=\"your-phone\" \/><\/span>\n\t\t\t<\/p>\n\t\t<\/div>\n\t\t<div class='col-sm-12 col-md-12'>\n\t\t\t<p><label for = 'company-size'>Wielko\u015b\u0107 przedsi\u0119biorstwa<\/label><br \/>\n<span class=\"wpcf7-form-control-wrap\" data-name=\"company-size\"><select class=\"wpcf7-form-control wpcf7-select wpcf7-validates-as-required\" aria-required=\"true\" aria-invalid=\"false\" name=\"company-size\"><option value=\"\">Wybierz wielko\u015b\u0107 przedsi\u0119biorstwa<\/option><option value=\"Mikro (1-9 os\u00f3b)\">Mikro (1-9 os\u00f3b)<\/option><option value=\"Ma\u0142y (10-50 os\u00f3b)\">Ma\u0142y (10-50 os\u00f3b)<\/option><option value=\"\u015aredni (50-250 os\u00f3b)\">\u015aredni (50-250 os\u00f3b)<\/option><\/select><\/span>\n\t\t\t<\/p>\n\t\t<\/div>\n\t\t<div class='col-sm-12 col-md-12'>\n\t\t\t<p><label for = 'industry'>Bran\u017ca przedsi\u0119biorstwa<\/label><br \/>\n<span class=\"wpcf7-form-control-wrap\" data-name=\"industry\"><span class=\"wpcf7-form-control wpcf7-checkbox wpcf7-validates-as-required checkbox_industry\"><span class=\"wpcf7-list-item first\"><input type=\"checkbox\" name=\"industry[]\" value=\"Wellness-spa\/kosmetyczny\" \/><span class=\"wpcf7-list-item-label\">Wellness-spa\/kosmetyczny<\/span><\/span><span class=\"wpcf7-list-item\"><input type=\"checkbox\" name=\"industry[]\" value=\"rolno-spo\u017cywczy\" \/><span class=\"wpcf7-list-item-label\">rolno-spo\u017cywczy<\/span><\/span><span class=\"wpcf7-list-item\"><input type=\"checkbox\" name=\"industry[]\" value=\"energetyczny\" \/><span class=\"wpcf7-list-item-label\">energetyczny<\/span><\/span><span class=\"wpcf7-list-item last\"><input type=\"checkbox\" name=\"industry[]\" value=\"inne\" \/><span class=\"wpcf7-list-item-label\">inne<\/span><\/span><\/span><\/span>\n\t\t\t<\/p>\n\t\t<\/div>\n\t\t<div class='col-sm-12 col-md-12'>\n\t\t\t<p><label for = 'company-workers'>Liczba zatrudnianych pracownik\u00f3w<\/label><br \/>\n<span class=\"wpcf7-form-control-wrap\" data-name=\"company-workers\"><input class=\"wpcf7-form-control wpcf7-number wpcf7-validates-as-number number-form\" aria-invalid=\"false\" placeholder=\"Liczba zatrudnianych pracownik\u00f3w\" value=\"\" type=\"number\" name=\"company-workers\" \/><\/span>\n\t\t\t<\/p>\n\t\t<\/div>\n\t\t<div class='col-sm-12 col-md-12'>\n\t\t\t<p><label class=\"label_question\" for = 'workplace'>Czy chcia\u0142by Pan\/chcia\u0142aby Pani utworzy\u0107 nowe miejsca pracy:<\/label><br \/>\n<span class=\"wpcf7-form-control-wrap\" data-name=\"workplace\"><span class=\"wpcf7-form-control wpcf7-radio workplace\"><span class=\"wpcf7-list-item first\"><label><input type=\"radio\" name=\"workplace\" value=\"Tak\" \/><span class=\"wpcf7-list-item-label\">Tak<\/span><\/label><\/span><span class=\"wpcf7-list-item last\"><label><input type=\"radio\" name=\"workplace\" value=\"Nie\" \/><span class=\"wpcf7-list-item-label\">Nie<\/span><\/label><\/span><\/span><\/span>\n\t\t\t<\/p>\n\t\t<\/div>\n\t\t<div class='col-sm-12 col-md-12'>\n\t\t\t<p><label class=\"label_question\" for = 'workplace_improve'>Czy jest Pan\/Pani zainteresowany\/a rozwojem swojej dzia\u0142alno\u015bci w oparciu o wykorzystanie w\u00f3d geotermalnych w Gminie Uniej\u00f3w:<\/label><br \/>\n<span class=\"wpcf7-form-control-wrap\" data-name=\"workplace_improve\"><span class=\"wpcf7-form-control wpcf7-radio workplace\"><span class=\"wpcf7-list-item first\"><label><input type=\"radio\" name=\"workplace_improve\" value=\"Tak\" \/><span class=\"wpcf7-list-item-label\">Tak<\/span><\/label><\/span><span class=\"wpcf7-list-item last\"><label><input type=\"radio\" name=\"workplace_improve\" value=\"Nie\" \/><span class=\"wpcf7-list-item-label\">Nie<\/span><\/label><\/span><\/span><\/span>\n\t\t\t<\/p>\n\t\t<\/div>\n\t\t<div data-id=\"0\" data-orig_data_id=\"0\"  data-class=\"wpcf7cf_group\">\n\t\t\t<div class='col-sm-12 col-md-12'>\n\t\t\t\t<p><label for = 'industry1a'>Prosz\u0119 zaznaczy\u0107 w kt\u00f3rej z bran\u017c chcia\u0142by Pan\/chcia\u0142aby Pani poszerzy\u0107 wiedz\u0119 w zakresie mo\u017cliwo\u015bci uzyskania przewagi konkurencyjnej i korzy\u015bci ekonomicznych w wyniku wykorzystania w\u00f3d geotermalnych w Gminie Uniej\u00f3w:<\/label><br \/>\n<span class=\"wpcf7-form-control-wrap\" data-name=\"industry1a\"><span class=\"wpcf7-form-control wpcf7-checkbox checkbox_industry\"><span class=\"wpcf7-list-item first\"><input type=\"checkbox\" name=\"industry1a[]\" value=\"Wellness-spa\/kosmetyczny\" \/><span class=\"wpcf7-list-item-label\">Wellness-spa\/kosmetyczny<\/span><\/span><span class=\"wpcf7-list-item\"><input type=\"checkbox\" name=\"industry1a[]\" value=\"rolno-spo\u017cywczy\" \/><span class=\"wpcf7-list-item-label\">rolno-spo\u017cywczy<\/span><\/span><span class=\"wpcf7-list-item\"><input type=\"checkbox\" name=\"industry1a[]\" value=\"energetyczny\" \/><span class=\"wpcf7-list-item-label\">energetyczny<\/span><\/span><span class=\"wpcf7-list-item last\"><input type=\"checkbox\" name=\"industry1a[]\" value=\"inne\" \/><span class=\"wpcf7-list-item-label\">inne<\/span><\/span><\/span><\/span>\n\t\t\t\t<\/p>\n\t\t\t<\/div>\n\t\t\t<div class='col-sm-12 col-md-12'>\n\t\t\t\t<p><label class=\"label_question\" for = 'workplace_improve2'>Czy jest Pan\/Pani zainteresowany\/a poszerzeniem wiedzy w zakresie technicznych mo\u017cliwo\u015bci wykorzystania w\u00f3d geotermalnych w swojej dzia\u0142alno\u015bci?<\/label><br \/>\n<span class=\"wpcf7-form-control-wrap\" data-name=\"workplace_improve2\"><span class=\"wpcf7-form-control wpcf7-radio workplace\"><span class=\"wpcf7-list-item first\"><label><input type=\"radio\" name=\"workplace_improve2\" value=\"Tak\" \/><span class=\"wpcf7-list-item-label\">Tak<\/span><\/label><\/span><span class=\"wpcf7-list-item last\"><label><input type=\"radio\" name=\"workplace_improve2\" value=\"Nie\" \/><span class=\"wpcf7-list-item-label\">Nie<\/span><\/label><\/span><\/span><\/span>\n\t\t\t\t<\/p>\n\t\t\t<\/div>\n\t\t\t<div data-id=\"1\" data-orig_data_id=\"1\"  data-class=\"wpcf7cf_group\">\n\t\t\t\t<div class='col-sm-12 col-md-12'>\n\t\t\t\t\t<p><label for = 'industry2a'>Prosz\u0119 zaznaczy\u0107 w kt\u00f3rej z bran\u017c chcia\u0142by Pan\/chcia\u0142aby Pani poszerzy\u0107 wiedz\u0119 w zakresie technicznych uwarunkowa\u0144 wykorzystania w\u00f3d geotermalnych w swojej dzia\u0142alno\u015bci:<\/label><br \/>\n<span class=\"wpcf7-form-control-wrap\" data-name=\"industry2a\"><span class=\"wpcf7-form-control wpcf7-checkbox checkbox_industry\"><span class=\"wpcf7-list-item first\"><input type=\"checkbox\" name=\"industry2a[]\" value=\"Wellness-spa\/kosmetyczny\" \/><span class=\"wpcf7-list-item-label\">Wellness-spa\/kosmetyczny<\/span><\/span><span class=\"wpcf7-list-item\"><input type=\"checkbox\" name=\"industry2a[]\" value=\"rolno-spo\u017cywczy\" \/><span class=\"wpcf7-list-item-label\">rolno-spo\u017cywczy<\/span><\/span><span class=\"wpcf7-list-item\"><input type=\"checkbox\" name=\"industry2a[]\" value=\"energetyczny\" \/><span class=\"wpcf7-list-item-label\">energetyczny<\/span><\/span><span class=\"wpcf7-list-item last\"><input type=\"checkbox\" name=\"industry2a[]\" value=\"inne\" \/><span class=\"wpcf7-list-item-label\">inne<\/span><\/span><\/span><\/span>\n\t\t\t\t\t<\/p>\n\t\t\t\t<\/div>\n\t\t\t\t<div class='col-sm-12 col-md-12'>\n\t\t\t\t\t<p><label class=\"label_question\" for = 'workplace_improve3'>Czy jest Pan\/Pani zainteresowany\/a mo\u017cliwo\u015bci\u0105 pozyskania \u017ar\u00f3de\u0142 finansowania na rozw\u00f3j swoich us\u0142ug z wykorzystaniem w\u00f3d geotermalnych?<\/label><br \/>\n<span class=\"wpcf7-form-control-wrap\" data-name=\"workplace_improve3\"><span class=\"wpcf7-form-control wpcf7-radio workplace\"><span class=\"wpcf7-list-item first\"><label><input type=\"radio\" name=\"workplace_improve3\" value=\"Tak\" \/><span class=\"wpcf7-list-item-label\">Tak<\/span><\/label><\/span><span class=\"wpcf7-list-item last\"><label><input type=\"radio\" name=\"workplace_improve3\" value=\"Nie\" \/><span class=\"wpcf7-list-item-label\">Nie<\/span><\/label><\/span><\/span><\/span>\n\t\t\t\t\t<\/p>\n\t\t\t\t<\/div>\n\t\t\t\t<div data-id=\"2\" data-orig_data_id=\"2\"  data-class=\"wpcf7cf_group\">\n\t\t\t\t\t<div class='col-sm-12 col-md-12'>\n\t\t\t\t\t\t<p><label for = 'industry3a'>Prosz\u0119 zaznaczy\u0107 kt\u00f3re \u017ar\u00f3d\u0142a finansowania najbardziej Pana\/Pani\u0105 interesuj\u0105?<\/label><br \/>\n<span class=\"wpcf7-form-control-wrap\" data-name=\"industry3a\"><span class=\"wpcf7-form-control wpcf7-radio workplace\"><span class=\"wpcf7-list-item first\"><label><input type=\"radio\" name=\"industry3a\" value=\"Krajowe\" \/><span class=\"wpcf7-list-item-label\">Krajowe<\/span><\/label><\/span><span class=\"wpcf7-list-item last\"><label><input type=\"radio\" name=\"industry3a\" value=\"zagraniczne\" \/><span class=\"wpcf7-list-item-label\">zagraniczne<\/span><\/label><\/span><\/span><\/span>\n\t\t\t\t\t\t<\/p>\n\t\t\t\t\t<\/div>\n\t\t\t\t\t<div class='col-sm-12 col-md-12'>\n\t\t\t\t\t\t<p><label class=\"label_question\" for = 'workplace_improve3'>Czy jest Pan\/Pani zainteresowany\/a poszerzeniem wiedzy w zakresie mo\u017cliwo\u015bci rozwoju swojego przedsi\u0119biorstwa na rynkach zagranicznych?<\/label><br \/>\n<span class=\"wpcf7-form-control-wrap\" data-name=\"workplace_improve4\"><span class=\"wpcf7-form-control wpcf7-radio workplace\"><span class=\"wpcf7-list-item first\"><label><input type=\"radio\" name=\"workplace_improve4\" value=\"Tak\" \/><span class=\"wpcf7-list-item-label\">Tak<\/span><\/label><\/span><span class=\"wpcf7-list-item last\"><label><input type=\"radio\" name=\"workplace_improve4\" value=\"Nie\" \/><span class=\"wpcf7-list-item-label\">Nie<\/span><\/label><\/span><\/span><\/span>\n\t\t\t\t\t\t<\/p>\n\t\t\t\t\t<\/div>\n\t\t\t\t\t<div data-id=\"3\" data-orig_data_id=\"3\"  data-class=\"wpcf7cf_group\">\n\t\t\t\t\t\t<div class='col-sm-12 col-md-12'>\n\t\t\t\t\t\t\t<p><label for = 'industry4a'>Prosz\u0119 zaznaczy\u0107 kt\u00f3re rynki najbardziej Pana\/Pani\u0105 interesuj\u0105?<\/label><br \/>\n<span class=\"wpcf7-form-control-wrap\" data-name=\"industry4a\"><span class=\"wpcf7-form-control wpcf7-radio workplace\"><span class=\"wpcf7-list-item first\"><label><input type=\"radio\" name=\"industry4a\" value=\"europejskie\" \/><span class=\"wpcf7-list-item-label\">europejskie<\/span><\/label><\/span><span class=\"wpcf7-list-item last\"><label><input type=\"radio\" name=\"industry4a\" value=\"pozaeuropejskie\" \/><span class=\"wpcf7-list-item-label\">pozaeuropejskie<\/span><\/label><\/span><\/span><\/span>\n\t\t\t\t\t\t\t<\/p>\n\t\t\t\t\t\t<\/div>\n\t\t\t\t\t\t<div data-id=\"eu\" data-orig_data_id=\"eu\"  data-class=\"wpcf7cf_group\">\n\t\t\t\t\t\t\t<div class='col-sm-12 col-md-12'>\n\t\t\t\t\t\t\t\t<p><label for = 'industry4a1'>Prosz\u0119 zaznaczy\u0107 kt\u00f3ry region Pana\/Pani\u0105 interesuj\u0105?<\/label><br \/>\n<span class=\"wpcf7-form-control-wrap\" data-name=\"industry4a1\"><span class=\"wpcf7-form-control wpcf7-radio workplace\"><span class=\"wpcf7-list-item first\"><label><input type=\"radio\" name=\"industry4a1\" value=\"Europa \u015brodkowa\" \/><span class=\"wpcf7-list-item-label\">Europa \u015brodkowa<\/span><\/label><\/span><span class=\"wpcf7-list-item\"><label><input type=\"radio\" name=\"industry4a1\" value=\"Europa po\u0142oduniowa\" \/><span class=\"wpcf7-list-item-label\">Europa po\u0142oduniowa<\/span><\/label><\/span><span class=\"wpcf7-list-item\"><label><input type=\"radio\" name=\"industry4a1\" value=\"Europa wschodnia\" \/><span class=\"wpcf7-list-item-label\">Europa wschodnia<\/span><\/label><\/span><span class=\"wpcf7-list-item last\"><label><input type=\"radio\" name=\"industry4a1\" value=\"Europa p\u00f3\u0142nocna\" \/><span class=\"wpcf7-list-item-label\">Europa p\u00f3\u0142nocna<\/span><\/label><\/span><\/span><\/span>\n\t\t\t\t\t\t\t\t<\/p>\n\t\t\t\t\t\t\t<\/div>\n\t\t\t\t\t\t\t<div class='col-sm-12 col-md-12'>\n\t\t\t\t\t\t\t\t<p><label for = 'industry4a2'>Kt\u00f3ry kraj europejski?<\/label><br \/>\n<span class=\"wpcf7-form-control-wrap\" data-name=\"industry4a2\"><input size=\"40\" maxlength=\"400\" class=\"wpcf7-form-control wpcf7-text firma-form\" aria-invalid=\"false\" value=\"\" type=\"text\" name=\"industry4a2\" \/><\/span>\n\t\t\t\t\t\t\t\t<\/p>\n\t\t\t\t\t\t\t<\/div>\n\t\t\t\t\t\t<\/div>\n\t\t\t\t\t\t<div data-id=\"noeu\" data-orig_data_id=\"noeu\"  data-class=\"wpcf7cf_group\">\n\t\t\t\t\t\t\t<div class='col-sm-12 col-md-12'>\n\t\t\t\t\t\t\t\t<p><label for = 'industry4a3'>Kt\u00f3ry kraj pozaeuropejski?<\/label><br \/>\n<span class=\"wpcf7-form-control-wrap\" data-name=\"industry4a3\"><input size=\"40\" maxlength=\"400\" class=\"wpcf7-form-control wpcf7-text firma-form\" aria-invalid=\"false\" value=\"\" type=\"text\" name=\"industry4a3\" \/><\/span>\n\t\t\t\t\t\t\t\t<\/p>\n\t\t\t\t\t\t\t<\/div>\n\t\t\t\t\t\t<\/div>\n\t\t\t\t\t\t<div class='col-sm-12 col-md-12'>\n\t\t\t\t\t\t\t<p><label for = 'industry4b'>Prosz\u0119 zaznaczy\u0107 czy jest Pan\/Pani zainteresowany\/a uczestnictwem w krajowych i mi\u0119dzynarodowych targach\/misjach we wsp\u00f3\u0142pracy z Gmin\u0105 Uniej\u00f3w?<\/label><br \/>\n<span class=\"wpcf7-form-control-wrap\" data-name=\"industry4b\"><span class=\"wpcf7-form-control wpcf7-radio workplace\"><span class=\"wpcf7-list-item first\"><label><input type=\"radio\" name=\"industry4b\" value=\"Tak\" \/><span class=\"wpcf7-list-item-label\">Tak<\/span><\/label><\/span><span class=\"wpcf7-list-item last\"><label><input type=\"radio\" name=\"industry4b\" value=\"Nie\" \/><span class=\"wpcf7-list-item-label\">Nie<\/span><\/label><\/span><\/span><\/span>\n\t\t\t\t\t\t\t<\/p>\n\t\t\t\t\t\t<\/div>\n\t\t\t\t\t\t<div class='col-sm-12 col-md-12'>\n\t\t\t\t\t\t\t<p><label for = 'industry4c'>Prosz\u0119 zaznaczy\u0107 czy jest Pan\/Pani zainteresowany\/a otrzymywaniem od nas harmonogramu krajowych i mi\u0119dzynarodowych targ\u00f3w\/misji w postaci newslettera przesy\u0142anego drog\u0105 poczty elektronicznej na bie\u017c\u0105cy rok?<\/label><br \/>\n<span class=\"wpcf7-form-control-wrap\" data-name=\"industry4c\"><span class=\"wpcf7-form-control wpcf7-radio workplace\"><span class=\"wpcf7-list-item first\"><label><input type=\"radio\" name=\"industry4c\" value=\"Tak\" \/><span class=\"wpcf7-list-item-label\">Tak<\/span><\/label><\/span><span class=\"wpcf7-list-item last\"><label><input type=\"radio\" name=\"industry4c\" value=\"Nie\" \/><span class=\"wpcf7-list-item-label\">Nie<\/span><\/label><\/span><\/span><\/span>\n\t\t\t\t\t\t\t<\/p>\n\t\t\t\t\t\t<\/div>\n\t\t\t\t\t\t<div class='col-sm-12 col-md-12'>\n\t\t\t\t\t\t\t<p><label for = 'industry4d'>Prosz\u0119 zaznaczy\u0107 czy jest Pan\/Pani zainteresowany\/a udzia\u0142em w konferencjach, seminariach, szkoleniach dotycz\u0105cych aspekt\u00f3w prawnych i marketingowych zwi\u0105zanych z wprowadzeniem us\u0142ug na nowe rynki zagraniczne?<\/label><br \/>\n<span class=\"wpcf7-form-control-wrap\" data-name=\"industry4d\"><span class=\"wpcf7-form-control wpcf7-radio workplace\"><span class=\"wpcf7-list-item first\"><label><input type=\"radio\" name=\"industry4d\" value=\"Tak\" \/><span class=\"wpcf7-list-item-label\">Tak<\/span><\/label><\/span><span class=\"wpcf7-list-item last\"><label><input type=\"radio\" name=\"industry4d\" value=\"Nie\" \/><span class=\"wpcf7-list-item-label\">Nie<\/span><\/label><\/span><\/span><\/span>\n\t\t\t\t\t\t\t<\/p>\n\t\t\t\t\t\t<\/div>\n\t\t\t\t\t\t<div class='col-sm-12 col-md-12'>\n\t\t\t\t\t\t\t<p><label for = 'industry4e'>Prosz\u0119 zaznaczy\u0107 w kt\u00f3rej z bran\u017c chcia\u0142by Pan\/chcia\u0142aby Pani poszerzy\u0107 wiedz\u0119 w zakresie wprowadzenia swoich us\u0142ug na rynki zagraniczne:<\/label><br \/>\n<span class=\"wpcf7-form-control-wrap\" data-name=\"industry4e\"><span class=\"wpcf7-form-control wpcf7-checkbox checkbox_industry\"><span class=\"wpcf7-list-item first\"><input type=\"checkbox\" name=\"industry4e[]\" value=\"Wellness-spa\/kosmetyczny\" \/><span class=\"wpcf7-list-item-label\">Wellness-spa\/kosmetyczny<\/span><\/span><span class=\"wpcf7-list-item\"><input type=\"checkbox\" name=\"industry4e[]\" value=\"rolno-spo\u017cywczy\" \/><span class=\"wpcf7-list-item-label\">rolno-spo\u017cywczy<\/span><\/span><span class=\"wpcf7-list-item\"><input type=\"checkbox\" name=\"industry4e[]\" value=\"energetyczny\" \/><span class=\"wpcf7-list-item-label\">energetyczny<\/span><\/span><span class=\"wpcf7-list-item last\"><input type=\"checkbox\" name=\"industry4e[]\" value=\"inne\" \/><span class=\"wpcf7-list-item-label\">inne<\/span><\/span><\/span><\/span>\n\t\t\t\t\t\t\t<\/p>\n\t\t\t\t\t\t<\/div>\n\t\t\t\t\t\t<div class='col-sm-12 col-md-12'>\n\t\t\t\t\t\t\t<p><label for = 'industry4f'>Prosz\u0119 zaznaczy\u0107 czy jest Pan\/Pani zainteresowany\/a mo\u017cliwo\u015bci\u0105 pozyskania \u017ar\u00f3de\u0142 finansowania na rozw\u00f3j swoich us\u0142ug na rynkach zagranicznych?<\/label><br \/>\n<span class=\"wpcf7-form-control-wrap\" data-name=\"industry4f\"><span class=\"wpcf7-form-control wpcf7-radio workplace\"><span class=\"wpcf7-list-item first\"><label><input type=\"radio\" name=\"industry4f\" value=\"Tak\" \/><span class=\"wpcf7-list-item-label\">Tak<\/span><\/label><\/span><span class=\"wpcf7-list-item last\"><label><input type=\"radio\" name=\"industry4f\" value=\"Nie\" \/><span class=\"wpcf7-list-item-label\">Nie<\/span><\/label><\/span><\/span><\/span>\n\t\t\t\t\t\t\t<\/p>\n\t\t\t\t\t\t<\/div>\n\t\t\t\t\t\t<div data-id=\"4\" data-orig_data_id=\"4\"  data-class=\"wpcf7cf_group\">\n\t\t\t\t\t\t\t<div class='col-sm-12 col-md-12'>\n\t\t\t\t\t\t\t\t<p><label for = 'industry4f1'>Prosz\u0119 zaznaczy\u0107 kt\u00f3re \u017ar\u00f3d\u0142a finansowania najbardziej Pana\/Pani\u0105 interesuj\u0105?<\/label><br \/>\n<span class=\"wpcf7-form-control-wrap\" data-name=\"industry4f1\"><span class=\"wpcf7-form-control wpcf7-radio workplace\"><span class=\"wpcf7-list-item first\"><label><input type=\"radio\" name=\"industry4f1\" value=\"europejskie\" \/><span class=\"wpcf7-list-item-label\">europejskie<\/span><\/label><\/span><span class=\"wpcf7-list-item last\"><label><input type=\"radio\" name=\"industry4f1\" value=\"pozaeuropejskie\" \/><span class=\"wpcf7-list-item-label\">pozaeuropejskie<\/span><\/label><\/span><\/span><\/span>\n\t\t\t\t\t\t\t\t<\/p>\n\t\t\t\t\t\t\t<\/div>\n\t\t\t\t\t\t<\/div>\n\t\t\t\t\t<\/div>\n\t\t\t\t<\/div>\n\t\t\t<\/div>\n\t\t<\/div>\n\t<\/div>\n\t<div class=\"form-group\">\n\t\t<p><input class=\"wpcf7-form-control wpcf7-submit has-spinner cf7submit\" type=\"submit\" value=\"Wy\u015blij zg\u0142oszenie\" \/>\n\t\t<\/p>\n\t<\/div>\n<\/div><div class=\"wpcf7-response-output\" aria-hidden=\"true\"><\/div>\n<\/form>\n<\/div>\n\n","protected":false},"excerpt":{"rendered":"<p> [&#8230;]<\/p>\n<p><a class=\"btn btn-secondary understrap-read-more-link\" href=\"https:\/\/uniejow.pl\/ucop\/formularz-uslugi-doradczej-dla-przedsiebiorcy\/\">Czytaj dalej\u2026<span class=\"screen-reader-text\"> from Formularz us\u0142ugi doradczej dla przedsi\u0119biorcy<\/span><\/a><\/p>\n","protected":false},"author":1,"featured_media":0,"parent":0,"menu_order":0,"comment_status":"closed","ping_status":"closed","template":"","meta":{"_acf_changed":false,"footnotes":""},"class_list":["post-103","page","type-page","status-publish","hentry"],"acf":[],"_links":{"self":[{"href":"https:\/\/uniejow.pl\/ucop\/wp-json\/wp\/v2\/pages\/103","targetHints":{"allow":["GET"]}}],"collection":[{"href":"https:\/\/uniejow.pl\/ucop\/wp-json\/wp\/v2\/pages"}],"about":[{"href":"https:\/\/uniejow.pl\/ucop\/wp-json\/wp\/v2\/types\/page"}],"author":[{"embeddable":true,"href":"https:\/\/uniejow.pl\/ucop\/wp-json\/wp\/v2\/users\/1"}],"replies":[{"embeddable":true,"href":"https:\/\/uniejow.pl\/ucop\/wp-json\/wp\/v2\/comments?post=103"}],"version-history":[{"count":5,"href":"https:\/\/uniejow.pl\/ucop\/wp-json\/wp\/v2\/pages\/103\/revisions"}],"predecessor-version":[{"id":231,"href":"https:\/\/uniejow.pl\/ucop\/wp-json\/wp\/v2\/pages\/103\/revisions\/231"}],"wp:attachment":[{"href":"https:\/\/uniejow.pl\/ucop\/wp-json\/wp\/v2\/media?parent=103"}],"curies":[{"name":"wp","href":"https:\/\/api.w.org\/{rel}","templated":true}]}}