{"id":126,"date":"2024-11-14T20:42:43","date_gmt":"2024-11-14T20:42:43","guid":{"rendered":"http:\/\/uniejow.local\/?page_id=126"},"modified":"2025-03-10T09:49:47","modified_gmt":"2025-03-10T08:49:47","slug":"o-projekcie","status":"publish","type":"page","link":"https:\/\/uniejow.pl\/ucop\/o-projekcie\/","title":{"rendered":"O projekcie"},"content":{"rendered":"\n<p><strong>Gmina Uniej\u00f3w<\/strong> uzyska\u0142a dofinansowanie z Unii Europejskiej na projekt pn. <strong>\u201eUtworzenie nowych us\u0142ug dla M\u015aP \u2013 Uniejowskie Centrum Obs\u0142ugi Przedsi\u0119biorcy<\/strong>\u201d.<\/p>\n\n\n\n<p>G\u0142\u00f3wnym celem projektu jest utworzenie warunk\u00f3w dla rozwoju przedsi\u0119biorczo\u015bci w regionie, w tym budowanie powi\u0105za\u0144 gospodarczych i mi\u0119dzynarodowych z wykorzystaniem w\u00f3d geotermalnych.&nbsp;<\/p>\n\n\n\n<p>W ramach projektu utworzone zosta\u0142o biuro Uniejowskiego Centrum Obs\u0142ugi Przedsi\u0119biorcy, gdzie \u015bwiadczone b\u0119d\u0105 przygotowane w ramach projektu pakiety us\u0142ug doradczych dla przedsi\u0119biorc\u00f3w z bran\u017cy kosmetycznej, rolno-spo\u017cywczej i energetycznej. Ponadto planuje si\u0119 przeprowadzenie diagnozy potrzeb i szans rozwojowych przedsi\u0119biorstw i organizacj\u0119 wydarze\u0144 biznesowych dla zainteresowanych przedsi\u0119biorstw, na kt\u00f3rych przedstawiane b\u0119d\u0105 wnioski z przeprowadzonych analiz przy udziale ekspert\u00f3w.&nbsp;<\/p>\n\n\n\n<p>Celem przygotowania i pilota\u017cu us\u0142ug doradczych zaplanowano organizacj\u0119 biura Uniejowskiego COP poprzez zakup wyposa\u017cenia biurowego, utworzenie podstrony internetowej, zatrudnienie doradc\u00f3w przedsi\u0119biorc\u00f3w i zlecenie wykonania analiz mo\u017cliwo\u015bci rozwoju przedsi\u0119biorstw.<\/p>\n\n\n\n<p>Efektem realizacji projektu b\u0119dzie stworzenie mo\u017cliwo\u015bci rozwoju przedsi\u0119biorstw i nawi\u0105zania powi\u0105za\u0144 gospodarczych na rynkach polskich i zagranicznych, w bran\u017cy kosmetycznej, rolno-spo\u017cywczej i energetycznej w oparciu o wykorzystanie w\u00f3d geotermalnych.&nbsp;<\/p>\n\n\n\n<p>#FunduszeUE &nbsp; &nbsp; &nbsp; #FunduszeEuropejskie<\/p>\n\n\n\n<p><strong>Warto\u015b\u0107 projektu<\/strong>: 1.004.281,49 z\u0142<\/p>\n\n\n\n<p><strong>Warto\u015b\u0107 dofinansowania z Funduszy Europejskich:<\/strong> 692.954,21 z\u0142<\/p>\n\n\n\n<figure class=\"wp-block-image size-large\"><img loading=\"lazy\" decoding=\"async\" width=\"1024\" height=\"103\" src=\"https:\/\/uniejow.pl\/ucop\/wp-content\/uploads\/2025\/03\/zestawienie-znakow-kolor-1024x103.jpg\" alt=\"\" class=\"wp-image-1219\" srcset=\"https:\/\/uniejow.pl\/ucop\/wp-content\/uploads\/2025\/03\/zestawienie-znakow-kolor-1024x103.jpg 1024w, https:\/\/uniejow.pl\/ucop\/wp-content\/uploads\/2025\/03\/zestawienie-znakow-kolor-300x30.jpg 300w, https:\/\/uniejow.pl\/ucop\/wp-content\/uploads\/2025\/03\/zestawienie-znakow-kolor-768x77.jpg 768w, https:\/\/uniejow.pl\/ucop\/wp-content\/uploads\/2025\/03\/zestawienie-znakow-kolor-1536x154.jpg 1536w, https:\/\/uniejow.pl\/ucop\/wp-content\/uploads\/2025\/03\/zestawienie-znakow-kolor-2048x206.jpg 2048w\" sizes=\"auto, (max-width: 1024px) 100vw, 1024px\" \/><\/figure>\n\n\n\n<p><\/p>\n","protected":false},"excerpt":{"rendered":"<p>Gmina Uniej\u00f3w uzyska\u0142a dofinansowanie z Unii Europejskiej na projekt pn. \u201eUtworzenie nowych us\u0142ug dla M\u015aP \u2013 Uniejowskie Centrum Obs\u0142ugi Przedsi\u0119biorcy\u201d. [&#8230;]<\/p>\n<p><a class=\"btn btn-secondary understrap-read-more-link\" href=\"https:\/\/uniejow.pl\/ucop\/o-projekcie\/\">Czytaj dalej\u2026<span class=\"screen-reader-text\"> from O projekcie<\/span><\/a><\/p>\n","protected":false},"author":1,"featured_media":0,"parent":0,"menu_order":0,"comment_status":"closed","ping_status":"closed","template":"","meta":{"_acf_changed":false,"footnotes":""},"class_list":["post-126","page","type-page","status-publish","hentry"],"acf":[],"_links":{"self":[{"href":"https:\/\/uniejow.pl\/ucop\/wp-json\/wp\/v2\/pages\/126","targetHints":{"allow":["GET"]}}],"collection":[{"href":"https:\/\/uniejow.pl\/ucop\/wp-json\/wp\/v2\/pages"}],"about":[{"href":"https:\/\/uniejow.pl\/ucop\/wp-json\/wp\/v2\/types\/page"}],"author":[{"embeddable":true,"href":"https:\/\/uniejow.pl\/ucop\/wp-json\/wp\/v2\/users\/1"}],"replies":[{"embeddable":true,"href":"https:\/\/uniejow.pl\/ucop\/wp-json\/wp\/v2\/comments?post=126"}],"version-history":[{"count":5,"href":"https:\/\/uniejow.pl\/ucop\/wp-json\/wp\/v2\/pages\/126\/revisions"}],"predecessor-version":[{"id":1220,"href":"https:\/\/uniejow.pl\/ucop\/wp-json\/wp\/v2\/pages\/126\/revisions\/1220"}],"wp:attachment":[{"href":"https:\/\/uniejow.pl\/ucop\/wp-json\/wp\/v2\/media?parent=126"}],"curies":[{"name":"wp","href":"https:\/\/api.w.org\/{rel}","templated":true}]}}