{"id":133,"date":"2024-11-14T20:44:22","date_gmt":"2024-11-14T20:44:22","guid":{"rendered":"http:\/\/uniejow.local\/?page_id=133"},"modified":"2026-03-26T08:27:25","modified_gmt":"2026-03-26T07:27:25","slug":"baza-wiedzy","status":"publish","type":"page","link":"https:\/\/uniejow.pl\/ucop\/baza-wiedzy\/","title":{"rendered":"Baza wiedzy"},"content":{"rendered":"\n<p><\/p>\n\n\n\n<p>Jeste\u015b w miejscu, gdzie specjalnie dla Ciebie publikujemy przydatne linki, prezentacje, poradniki dotycz\u0105ce mo\u017cliwo\u015bci rozwoju Twojego przedsi\u0119biorstwa. Aby \u0142atwiej Ci by\u0142o znale\u017a\u0107 niezb\u0119dne informacje, podzielili\u015bmy je na bloki tematyczne. Je\u015bli szukasz dodatkowych informacji, skontaktuj si\u0119 z nami &#8211; ch\u0119tnie pomo\u017cemy znale\u017a\u0107 to czego potrzebujesz. <\/p>\n\n\n\n<p class=\"has-medium-font-size\"><\/p>\n\n\n\n<p><\/p>\n\n\n\n<div class=\"wp-block-group is-layout-grid wp-container-core-group-is-layout-9649a0d9 wp-block-group-is-layout-grid\">\n<figure class=\"wp-block-image size-large wp-container-content-69bc4bdf\"><a href=\"https:\/\/uniejow.pl\/ucop\/pierwsze-kroki\/\"><img loading=\"lazy\" decoding=\"async\" width=\"1024\" height=\"1024\" src=\"https:\/\/uniejow.pl\/ucop\/wp-content\/uploads\/2024\/12\/1-1024x1024.png\" alt=\"\" class=\"wp-image-528\" srcset=\"https:\/\/uniejow.pl\/ucop\/wp-content\/uploads\/2024\/12\/1-1024x1024.png 1024w, https:\/\/uniejow.pl\/ucop\/wp-content\/uploads\/2024\/12\/1-300x300.png 300w, https:\/\/uniejow.pl\/ucop\/wp-content\/uploads\/2024\/12\/1-150x150.png 150w, https:\/\/uniejow.pl\/ucop\/wp-content\/uploads\/2024\/12\/1-768x768.png 768w, https:\/\/uniejow.pl\/ucop\/wp-content\/uploads\/2024\/12\/1.png 1080w\" sizes=\"auto, (max-width: 1024px) 100vw, 1024px\" \/><\/a><\/figure>\n\n\n\n<div class=\"wp-block-group is-layout-grid wp-container-core-group-is-layout-9649a0d9 wp-block-group-is-layout-grid\">\n<figure class=\"wp-block-image size-large\"><a href=\"https:\/\/uniejow.pl\/ucop\/aktualne-nabory\/\"><img loading=\"lazy\" decoding=\"async\" width=\"1024\" height=\"1024\" src=\"https:\/\/uniejow.pl\/ucop\/wp-content\/uploads\/2024\/12\/2-1024x1024.png\" alt=\"\" class=\"wp-image-529\" srcset=\"https:\/\/uniejow.pl\/ucop\/wp-content\/uploads\/2024\/12\/2-1024x1024.png 1024w, https:\/\/uniejow.pl\/ucop\/wp-content\/uploads\/2024\/12\/2-300x300.png 300w, https:\/\/uniejow.pl\/ucop\/wp-content\/uploads\/2024\/12\/2-150x150.png 150w, https:\/\/uniejow.pl\/ucop\/wp-content\/uploads\/2024\/12\/2-768x768.png 768w, https:\/\/uniejow.pl\/ucop\/wp-content\/uploads\/2024\/12\/2.png 1080w\" sizes=\"auto, (max-width: 1024px) 100vw, 1024px\" \/><\/a><\/figure>\n<\/div>\n\n\n\n<div class=\"wp-block-group is-layout-grid wp-container-core-group-is-layout-9649a0d9 wp-block-group-is-layout-grid\">\n<figure class=\"wp-block-image size-large\"><a href=\"https:\/\/uniejow.pl\/ucop\/inwestowanie\/\"><img loading=\"lazy\" decoding=\"async\" width=\"1024\" height=\"1024\" src=\"https:\/\/uniejow.pl\/ucop\/wp-content\/uploads\/2024\/12\/3-1024x1024.png\" alt=\"\" class=\"wp-image-530\" srcset=\"https:\/\/uniejow.pl\/ucop\/wp-content\/uploads\/2024\/12\/3-1024x1024.png 1024w, https:\/\/uniejow.pl\/ucop\/wp-content\/uploads\/2024\/12\/3-300x300.png 300w, https:\/\/uniejow.pl\/ucop\/wp-content\/uploads\/2024\/12\/3-150x150.png 150w, https:\/\/uniejow.pl\/ucop\/wp-content\/uploads\/2024\/12\/3-768x768.png 768w, https:\/\/uniejow.pl\/ucop\/wp-content\/uploads\/2024\/12\/3.png 1080w\" sizes=\"auto, (max-width: 1024px) 100vw, 1024px\" \/><\/a><\/figure>\n<\/div>\n\n\n\n<figure class=\"wp-block-image size-large wp-container-content-69bc4bdf\"><a href=\"https:\/\/uniejow.pl\/ucop\/eksport\/\"><img loading=\"lazy\" decoding=\"async\" width=\"1080\" height=\"1080\" src=\"https:\/\/uniejow.pl\/ucop\/wp-content\/uploads\/2024\/12\/4-1024x1024.png\" alt=\"\" class=\"wp-image-531\" srcset=\"https:\/\/uniejow.pl\/ucop\/wp-content\/uploads\/2024\/12\/4-1024x1024.png 1024w, https:\/\/uniejow.pl\/ucop\/wp-content\/uploads\/2024\/12\/4-300x300.png 300w, https:\/\/uniejow.pl\/ucop\/wp-content\/uploads\/2024\/12\/4-150x150.png 150w, https:\/\/uniejow.pl\/ucop\/wp-content\/uploads\/2024\/12\/4-768x768.png 768w, https:\/\/uniejow.pl\/ucop\/wp-content\/uploads\/2024\/12\/4.png 1080w\" sizes=\"auto, (max-width: 1080px) 100vw, 1080px\" \/><\/a><\/figure>\n\n\n\n<div class=\"wp-block-group is-layout-grid wp-container-core-group-is-layout-9649a0d9 wp-block-group-is-layout-grid\">\n<figure class=\"wp-block-image size-large\"><a href=\"https:\/\/uniejow.pl\/ucop\/promocja\/\"><img loading=\"lazy\" decoding=\"async\" width=\"1024\" height=\"1024\" src=\"https:\/\/uniejow.pl\/ucop\/wp-content\/uploads\/2025\/03\/targi-i-wydarzenia-promocyjne-1024x1024.jpg\" alt=\"\" class=\"wp-image-1306\" srcset=\"https:\/\/uniejow.pl\/ucop\/wp-content\/uploads\/2025\/03\/targi-i-wydarzenia-promocyjne-1024x1024.jpg 1024w, https:\/\/uniejow.pl\/ucop\/wp-content\/uploads\/2025\/03\/targi-i-wydarzenia-promocyjne-300x300.jpg 300w, https:\/\/uniejow.pl\/ucop\/wp-content\/uploads\/2025\/03\/targi-i-wydarzenia-promocyjne-150x150.jpg 150w, https:\/\/uniejow.pl\/ucop\/wp-content\/uploads\/2025\/03\/targi-i-wydarzenia-promocyjne-768x768.jpg 768w, https:\/\/uniejow.pl\/ucop\/wp-content\/uploads\/2025\/03\/targi-i-wydarzenia-promocyjne.jpg 1080w\" sizes=\"auto, (max-width: 1024px) 100vw, 1024px\" \/><\/a><\/figure>\n<\/div>\n\n\n\n<figure class=\"wp-block-image size-large\"><a href=\"https:\/\/uniejow.pl\/ucop\/webinaria\/\"><img loading=\"lazy\" decoding=\"async\" width=\"1024\" height=\"1024\" src=\"https:\/\/uniejow.pl\/ucop\/wp-content\/uploads\/2026\/03\/warsztaty-i-szkolenia-1024x1024.jpg\" alt=\"\" class=\"wp-image-2858\" srcset=\"https:\/\/uniejow.pl\/ucop\/wp-content\/uploads\/2026\/03\/warsztaty-i-szkolenia-1024x1024.jpg 1024w, https:\/\/uniejow.pl\/ucop\/wp-content\/uploads\/2026\/03\/warsztaty-i-szkolenia-300x300.jpg 300w, https:\/\/uniejow.pl\/ucop\/wp-content\/uploads\/2026\/03\/warsztaty-i-szkolenia-150x150.jpg 150w, https:\/\/uniejow.pl\/ucop\/wp-content\/uploads\/2026\/03\/warsztaty-i-szkolenia-768x768.jpg 768w, https:\/\/uniejow.pl\/ucop\/wp-content\/uploads\/2026\/03\/warsztaty-i-szkolenia.jpg 1080w\" sizes=\"auto, (max-width: 1024px) 100vw, 1024px\" \/><\/a><\/figure>\n\n\n\n<figure class=\"wp-block-image size-large\"><a href=\"https:\/\/uniejow.pl\/ucop\/seminaria-i-konferencje\/\"><img loading=\"lazy\" decoding=\"async\" width=\"1024\" height=\"1024\" src=\"https:\/\/uniejow.pl\/ucop\/wp-content\/uploads\/2025\/03\/seminaria-konferencje-1024x1024.jpg\" alt=\"\" class=\"wp-image-1256\" srcset=\"https:\/\/uniejow.pl\/ucop\/wp-content\/uploads\/2025\/03\/seminaria-konferencje-1024x1024.jpg 1024w, https:\/\/uniejow.pl\/ucop\/wp-content\/uploads\/2025\/03\/seminaria-konferencje-300x300.jpg 300w, https:\/\/uniejow.pl\/ucop\/wp-content\/uploads\/2025\/03\/seminaria-konferencje-150x150.jpg 150w, https:\/\/uniejow.pl\/ucop\/wp-content\/uploads\/2025\/03\/seminaria-konferencje-768x768.jpg 768w, https:\/\/uniejow.pl\/ucop\/wp-content\/uploads\/2025\/03\/seminaria-konferencje.jpg 1080w\" sizes=\"auto, (max-width: 1024px) 100vw, 1024px\" \/><\/a><\/figure>\n\n\n\n<figure class=\"wp-block-image size-large\"><a href=\"https:\/\/uniejow.pl\/ucop\/warsztaty\/\"><img loading=\"lazy\" decoding=\"async\" width=\"1024\" height=\"1024\" src=\"https:\/\/uniejow.pl\/ucop\/wp-content\/uploads\/2025\/03\/warsztaty-1024x1024.jpg\" alt=\"\" class=\"wp-image-1315\" srcset=\"https:\/\/uniejow.pl\/ucop\/wp-content\/uploads\/2025\/03\/warsztaty-1024x1024.jpg 1024w, https:\/\/uniejow.pl\/ucop\/wp-content\/uploads\/2025\/03\/warsztaty-300x300.jpg 300w, https:\/\/uniejow.pl\/ucop\/wp-content\/uploads\/2025\/03\/warsztaty-150x150.jpg 150w, https:\/\/uniejow.pl\/ucop\/wp-content\/uploads\/2025\/03\/warsztaty-768x768.jpg 768w, https:\/\/uniejow.pl\/ucop\/wp-content\/uploads\/2025\/03\/warsztaty.jpg 1080w\" sizes=\"auto, (max-width: 1024px) 100vw, 1024px\" \/><\/a><\/figure>\n\n\n\n<div class=\"wp-block-group is-layout-grid wp-container-core-group-is-layout-9649a0d9 wp-block-group-is-layout-grid\">\n<figure class=\"wp-block-image size-large\"><a href=\"https:\/\/uniejow.pl\/ucop\/misje-gospodarcze\/\"><img loading=\"lazy\" decoding=\"async\" width=\"1024\" height=\"1024\" src=\"https:\/\/uniejow.pl\/ucop\/wp-content\/uploads\/2025\/03\/misje-gospodarcze-1-1024x1024.jpg\" alt=\"\" class=\"wp-image-1330\" srcset=\"https:\/\/uniejow.pl\/ucop\/wp-content\/uploads\/2025\/03\/misje-gospodarcze-1-1024x1024.jpg 1024w, https:\/\/uniejow.pl\/ucop\/wp-content\/uploads\/2025\/03\/misje-gospodarcze-1-300x300.jpg 300w, https:\/\/uniejow.pl\/ucop\/wp-content\/uploads\/2025\/03\/misje-gospodarcze-1-150x150.jpg 150w, https:\/\/uniejow.pl\/ucop\/wp-content\/uploads\/2025\/03\/misje-gospodarcze-1-768x768.jpg 768w, https:\/\/uniejow.pl\/ucop\/wp-content\/uploads\/2025\/03\/misje-gospodarcze-1.jpg 1080w\" sizes=\"auto, (max-width: 1024px) 100vw, 1024px\" \/><\/a><\/figure>\n<\/div>\n\n\n\n<figure class=\"wp-block-image size-large\"><a href=\"https:\/\/uniejow.pl\/ucop\/kontakty-handlowe\/\"><img loading=\"lazy\" decoding=\"async\" width=\"1024\" height=\"1024\" src=\"https:\/\/uniejow.pl\/ucop\/wp-content\/uploads\/2025\/03\/kontakty-handlowe-1024x1024.jpg\" alt=\"\" class=\"wp-image-1356\" srcset=\"https:\/\/uniejow.pl\/ucop\/wp-content\/uploads\/2025\/03\/kontakty-handlowe-1024x1024.jpg 1024w, https:\/\/uniejow.pl\/ucop\/wp-content\/uploads\/2025\/03\/kontakty-handlowe-300x300.jpg 300w, https:\/\/uniejow.pl\/ucop\/wp-content\/uploads\/2025\/03\/kontakty-handlowe-150x150.jpg 150w, https:\/\/uniejow.pl\/ucop\/wp-content\/uploads\/2025\/03\/kontakty-handlowe-768x768.jpg 768w, https:\/\/uniejow.pl\/ucop\/wp-content\/uploads\/2025\/03\/kontakty-handlowe.jpg 1080w\" sizes=\"auto, (max-width: 1024px) 100vw, 1024px\" \/><\/a><\/figure>\n\n\n\n<figure class=\"wp-block-image size-large\"><a href=\"https:\/\/uniejow.pl\/ucop\/fora-biznesowe\/\"><img loading=\"lazy\" decoding=\"async\" width=\"1024\" height=\"1024\" src=\"https:\/\/uniejow.pl\/ucop\/wp-content\/uploads\/2025\/03\/Fora-biznesowe-1024x1024.jpg\" alt=\"\" class=\"wp-image-1470\" srcset=\"https:\/\/uniejow.pl\/ucop\/wp-content\/uploads\/2025\/03\/Fora-biznesowe-1024x1024.jpg 1024w, https:\/\/uniejow.pl\/ucop\/wp-content\/uploads\/2025\/03\/Fora-biznesowe-300x300.jpg 300w, https:\/\/uniejow.pl\/ucop\/wp-content\/uploads\/2025\/03\/Fora-biznesowe-150x150.jpg 150w, https:\/\/uniejow.pl\/ucop\/wp-content\/uploads\/2025\/03\/Fora-biznesowe-768x768.jpg 768w, https:\/\/uniejow.pl\/ucop\/wp-content\/uploads\/2025\/03\/Fora-biznesowe.jpg 1080w\" sizes=\"auto, (max-width: 1024px) 100vw, 1024px\" \/><\/a><\/figure>\n\n\n\n<figure class=\"wp-block-image size-large\"><a href=\"https:\/\/uniejow.pl\/ucop\/kongresy\/\"><img loading=\"lazy\" decoding=\"async\" width=\"1024\" height=\"1024\" src=\"https:\/\/uniejow.pl\/ucop\/wp-content\/uploads\/2025\/05\/kongresy-1024x1024.jpg\" alt=\"\" class=\"wp-image-1672\" srcset=\"https:\/\/uniejow.pl\/ucop\/wp-content\/uploads\/2025\/05\/kongresy-1024x1024.jpg 1024w, https:\/\/uniejow.pl\/ucop\/wp-content\/uploads\/2025\/05\/kongresy-300x300.jpg 300w, https:\/\/uniejow.pl\/ucop\/wp-content\/uploads\/2025\/05\/kongresy-150x150.jpg 150w, https:\/\/uniejow.pl\/ucop\/wp-content\/uploads\/2025\/05\/kongresy-768x768.jpg 768w, https:\/\/uniejow.pl\/ucop\/wp-content\/uploads\/2025\/05\/kongresy.jpg 1080w\" sizes=\"auto, (max-width: 1024px) 100vw, 1024px\" \/><\/a><\/figure>\n<\/div>\n\n\n\n<p><\/p>\n","protected":false},"excerpt":{"rendered":"<p>Jeste\u015b w miejscu, gdzie specjalnie dla Ciebie publikujemy przydatne linki, prezentacje, poradniki dotycz\u0105ce mo\u017cliwo\u015bci rozwoju Twojego przedsi\u0119biorstwa. Aby \u0142atwiej Ci [&#8230;]<\/p>\n<p><a class=\"btn btn-secondary understrap-read-more-link\" href=\"https:\/\/uniejow.pl\/ucop\/baza-wiedzy\/\">Czytaj dalej\u2026<span class=\"screen-reader-text\"> from Baza wiedzy<\/span><\/a><\/p>\n","protected":false},"author":1,"featured_media":0,"parent":0,"menu_order":0,"comment_status":"closed","ping_status":"closed","template":"","meta":{"_acf_changed":false,"footnotes":""},"class_list":["post-133","page","type-page","status-publish","hentry"],"acf":[],"_links":{"self":[{"href":"https:\/\/uniejow.pl\/ucop\/wp-json\/wp\/v2\/pages\/133","targetHints":{"allow":["GET"]}}],"collection":[{"href":"https:\/\/uniejow.pl\/ucop\/wp-json\/wp\/v2\/pages"}],"about":[{"href":"https:\/\/uniejow.pl\/ucop\/wp-json\/wp\/v2\/types\/page"}],"author":[{"embeddable":true,"href":"https:\/\/uniejow.pl\/ucop\/wp-json\/wp\/v2\/users\/1"}],"replies":[{"embeddable":true,"href":"https:\/\/uniejow.pl\/ucop\/wp-json\/wp\/v2\/comments?post=133"}],"version-history":[{"count":47,"href":"https:\/\/uniejow.pl\/ucop\/wp-json\/wp\/v2\/pages\/133\/revisions"}],"predecessor-version":[{"id":2860,"href":"https:\/\/uniejow.pl\/ucop\/wp-json\/wp\/v2\/pages\/133\/revisions\/2860"}],"wp:attachment":[{"href":"https:\/\/uniejow.pl\/ucop\/wp-json\/wp\/v2\/media?parent=133"}],"curies":[{"name":"wp","href":"https:\/\/api.w.org\/{rel}","templated":true}]}}