{"id":252,"date":"2024-12-02T17:00:42","date_gmt":"2024-12-02T16:00:42","guid":{"rendered":"http:\/\/uniejow.local\/?page_id=252"},"modified":"2025-08-20T08:04:19","modified_gmt":"2025-08-20T07:04:19","slug":"kontakt","status":"publish","type":"page","link":"https:\/\/uniejow.pl\/ucop\/kontakt\/","title":{"rendered":"Kontakt"},"content":{"rendered":"\n<p><strong>Je\u015bli preferujesz kontakt osobisty znajdziesz nas pod adresem:<\/strong><\/p>\n\n\n\n<p>ul. Zamkowa 2B<\/p>\n\n\n\n<p>99-210 Uniej\u00f3w<\/p>\n\n\n\n<div style=\"height:30px\" aria-hidden=\"true\" class=\"wp-block-spacer\"><\/div>\n\n\n\n<p><strong>Je\u015bli wolisz kontakt telefoniczny lub mailowy, poni\u017cej nasze dane kontaktowe *:<\/strong><\/p>\n\n\n\n<p><strong>Telefon:<\/strong>&nbsp; 506&nbsp;362&nbsp;433&nbsp; &nbsp; &nbsp; &nbsp; &nbsp; &nbsp;<\/p>\n\n\n\n<p><strong>E-mail:<\/strong> <a href=\"mailto:ucop@uniejow.pl\">ucop@uniejow.pl<\/a><\/p>\n\n\n\n<p>* Kontaktuj\u0105c si\u0119 z nami telefonicznie lub mailowo, przekazujesz swoje dane osobowe (np. numer telefonu, adres e-mail, tre\u015b\u0107 zapytania). Administratorem danych jest <strong>Gmina Uniej\u00f3w, ul. B\u0142. Bogumi\u0142a 13, 99-210 Uniej\u00f3w<\/strong>, b\u0119d\u0105ca Beneficjentem projektu \u201eUtworzenie nowych us\u0142ug dla M\u015aP \u2013 Uniejowskie Centrum Obs\u0142ugi Przedsi\u0119biorcy\u201d wsp\u00f3\u0142finansowanego z programu regionalnego Fundusze Europejskie dla \u0141\u00f3dzkiego 2021-2027, Priorytet: FELD.01 Fundusze europejskie dla innowacyjnego \u0141\u00f3dzkiego, Dzia\u0142anie FELD.01.05 Konkurencyjno\u015b\u0107 M\u015aP. Dane b\u0119d\u0105 przetwarzane w celach udzielenia odpowiedzi, prowadzenia korespondencji, realizacji projektu. Szczeg\u00f3\u0142owe informacje o zasadach przetwarzania danych znajdziesz w naszej [<a href=\"http:\/\/&quot;K:\\UNIEJOWSKIE_COP\\Polityka-prywatnosci.docx&quot;\">Polityce prywatno\u015bci \/ <\/a><a href=\"https:\/\/uniejow.pl\/ucop\/rodo\/\">Klauzuli RODO<\/a>]. <\/p>\n\n\n\n<div style=\"height:30px\" aria-hidden=\"true\" class=\"wp-block-spacer\"><\/div>\n\n\n\n<p><strong>Znajdziesz nas r\u00f3wnie\u017c w mediach spo\u0142eczno\u015bciowych:<\/strong><\/p>\n\n\n\n<p><strong>Facebook: <\/strong><a href=\"https:\/\/www.facebook.com\/profile.php?id=61568353180432\"><strong>https:\/\/www.facebook.com\/profile.php?id=61568353180432<\/strong><\/a><\/p>\n\n\n\n<p><strong>Instagram: <\/strong><a href=\"https:\/\/www.instagram.com\/ucop.uniejow\/\"><strong>https:\/\/www.instagram.com\/ucop.uniejow\/<\/strong><\/a><\/p>\n\n\n\n<div style=\"height:30px\" aria-hidden=\"true\" class=\"wp-block-spacer\"><\/div>\n\n\n\n<p><strong>Godziny pracy biura:<\/strong><\/p>\n\n\n\n<p>Poniedzia\u0142ek 8:00 \u2013 17:00<\/p>\n\n\n\n<p>Wtorek 8:00 \u2013 16:00<\/p>\n\n\n\n<p>\u015aroda 8:00 \u2013 16:00<\/p>\n\n\n\n<p>Czwartek 8:00 \u2013 16:00 &nbsp;<\/p>\n\n\n\n<p>Pi\u0105tek 8:00 \u2013 15:00<\/p>\n","protected":false},"excerpt":{"rendered":"<p>Je\u015bli preferujesz kontakt osobisty znajdziesz nas pod adresem: ul. Zamkowa 2B 99-210 Uniej\u00f3w Je\u015bli wolisz kontakt telefoniczny lub mailowy, poni\u017cej [&#8230;]<\/p>\n<p><a class=\"btn btn-secondary understrap-read-more-link\" href=\"https:\/\/uniejow.pl\/ucop\/kontakt\/\">Czytaj dalej\u2026<span class=\"screen-reader-text\"> from Kontakt<\/span><\/a><\/p>\n","protected":false},"author":1,"featured_media":0,"parent":0,"menu_order":0,"comment_status":"closed","ping_status":"closed","template":"","meta":{"_acf_changed":false,"footnotes":""},"class_list":["post-252","page","type-page","status-publish","hentry"],"acf":[],"_links":{"self":[{"href":"https:\/\/uniejow.pl\/ucop\/wp-json\/wp\/v2\/pages\/252","targetHints":{"allow":["GET"]}}],"collection":[{"href":"https:\/\/uniejow.pl\/ucop\/wp-json\/wp\/v2\/pages"}],"about":[{"href":"https:\/\/uniejow.pl\/ucop\/wp-json\/wp\/v2\/types\/page"}],"author":[{"embeddable":true,"href":"https:\/\/uniejow.pl\/ucop\/wp-json\/wp\/v2\/users\/1"}],"replies":[{"embeddable":true,"href":"https:\/\/uniejow.pl\/ucop\/wp-json\/wp\/v2\/comments?post=252"}],"version-history":[{"count":4,"href":"https:\/\/uniejow.pl\/ucop\/wp-json\/wp\/v2\/pages\/252\/revisions"}],"predecessor-version":[{"id":2007,"href":"https:\/\/uniejow.pl\/ucop\/wp-json\/wp\/v2\/pages\/252\/revisions\/2007"}],"wp:attachment":[{"href":"https:\/\/uniejow.pl\/ucop\/wp-json\/wp\/v2\/media?parent=252"}],"curies":[{"name":"wp","href":"https:\/\/api.w.org\/{rel}","templated":true}]}}