{"id":2702,"date":"2026-03-16T10:15:59","date_gmt":"2026-03-16T09:15:59","guid":{"rendered":"https:\/\/uniejow.pl\/ucop\/?page_id=2702"},"modified":"2026-03-16T10:16:49","modified_gmt":"2026-03-16T09:16:49","slug":"potencjal-geotermii-i-warunki-dla-technologii-energetycznych","status":"publish","type":"page","link":"https:\/\/uniejow.pl\/ucop\/potencjal-geotermii-i-warunki-dla-technologii-energetycznych\/","title":{"rendered":"Potencja\u0142 geotermii i warunki dla technologii energetycznych"},"content":{"rendered":"\n<p>Uniej\u00f3w nale\u017cy do najciekawszych o\u015brodk\u00f3w wykorzystania energii geotermalnej w Polsce. Dzi\u0119ki naturalnym zasobom w\u00f3d termalnych, rozwini\u0119tej infrastrukturze oraz konsekwentnej strategii rozwoju, region tworzy sprzyjaj\u0105ce warunki dla projekt\u00f3w energetycznych opartych na odnawialnych \u017ar\u00f3d\u0142ach energii.<\/p>\n\n\n\n<p>Po\u0142\u0105czenie stabilnych zasob\u00f3w geotermalnych z nowoczesn\u0105 infrastruktur\u0105 techniczn\u0105 sprawia, \u017ce Uniej\u00f3w jest miejscem, w kt\u00f3rym <strong>technologie energetyczne<\/strong> mog\u0105 by\u0107 rozwijane w spos\u00f3b efektywny, bezpieczny i zgodny z zasadami zr\u00f3wnowa\u017conego rozwoju.<\/p>\n\n\n\n<details class=\"wp-block-details\"><summary><img loading=\"lazy\" decoding=\"async\" width=\"720\" height=\"144\" class=\"wp-image-2704 is-layout-flow wp-block-details-is-layout-flow\" style=\"width: 720px;\" src=\"https:\/\/uniejow.pl\/ucop\/wp-content\/uploads\/2026\/03\/40.jpg\" alt=\"\" srcset=\"https:\/\/uniejow.pl\/ucop\/wp-content\/uploads\/2026\/03\/40.jpg 2000w, https:\/\/uniejow.pl\/ucop\/wp-content\/uploads\/2026\/03\/40-300x60.jpg 300w, https:\/\/uniejow.pl\/ucop\/wp-content\/uploads\/2026\/03\/40-1024x205.jpg 1024w, https:\/\/uniejow.pl\/ucop\/wp-content\/uploads\/2026\/03\/40-768x154.jpg 768w, https:\/\/uniejow.pl\/ucop\/wp-content\/uploads\/2026\/03\/40-1536x307.jpg 1536w\" sizes=\"auto, (max-width: 720px) 100vw, 720px\" \/><\/summary>\n<p><br>Energia geotermalna powstaje dzi\u0119ki naturalnemu ciep\u0142u wn\u0119trza Ziemi, kt\u00f3re ogrzewa podziemne zasoby wody znajduj\u0105ce si\u0119 w g\u0142\u0119bokich warstwach geologicznych. Wody te mog\u0105 by\u0107 wykorzystywane jako odnawialne \u017ar\u00f3d\u0142o energii cieplnej w r\u00f3\u017cnych sektorach gospodarki.<\/p>\n\n\n\n<p>W przeciwie\u0144stwie do wielu innych \u017ar\u00f3de\u0142 odnawialnych, geotermia zapewnia ci\u0105g\u0142\u0105 i stabiln\u0105 produkcj\u0119 energii, niezale\u017cn\u0105 od warunk\u00f3w pogodowych czy pory roku. Dzi\u0119ki temu mo\u017ce stanowi\u0107 podstaw\u0119 lokalnych system\u00f3w energetycznych oraz wspiera\u0107 funkcjonowanie infrastruktury przemys\u0142owej, komunalnej i us\u0142ugowej.<\/p>\n<\/details>\n\n\n\n<p>   <\/p>\n\n\n\n<details class=\"wp-block-details\"><summary><img loading=\"lazy\" decoding=\"async\" width=\"720\" height=\"144\" class=\"wp-image-2705 is-layout-flow wp-block-details-is-layout-flow\" style=\"width: 720px;\" src=\"https:\/\/uniejow.pl\/ucop\/wp-content\/uploads\/2026\/03\/41.jpg\" alt=\"\" srcset=\"https:\/\/uniejow.pl\/ucop\/wp-content\/uploads\/2026\/03\/41.jpg 2000w, https:\/\/uniejow.pl\/ucop\/wp-content\/uploads\/2026\/03\/41-300x60.jpg 300w, https:\/\/uniejow.pl\/ucop\/wp-content\/uploads\/2026\/03\/41-1024x205.jpg 1024w, https:\/\/uniejow.pl\/ucop\/wp-content\/uploads\/2026\/03\/41-768x154.jpg 768w, https:\/\/uniejow.pl\/ucop\/wp-content\/uploads\/2026\/03\/41-1536x307.jpg 1536w\" sizes=\"auto, (max-width: 720px) 100vw, 720px\" \/><\/summary>\n<p><\/p>\n\n\n\n<p>Uniej\u00f3w znajduje si\u0119 w obr\u0119bie jednej z najwa\u017cniejszych struktur geotermalnych w Polsce \u2013 Niecki Szczeci\u0144sko-\u0141\u00f3dzko-Mazowieckiej. W regionie funkcjonuj\u0105 odwierty geotermalne o g\u0142\u0119boko\u015bci ponad 2 kilometr\u00f3w, z kt\u00f3rych pozyskiwana jest woda o temperaturze oko\u0142o 68\u00b0C.<\/p>\n\n\n\n<p>Takie parametry pozwalaj\u0105 na bezpo\u015brednie wykorzystanie energii cieplnej w wielu zastosowaniach energetycznych.<\/p>\n\n\n\n<p>Najwa\u017cniejsze cechy zasob\u00f3w geotermalnych w Uniejowie:<\/p>\n\n\n\n<ul class=\"wp-block-list\">\n<li>stabilna temperatura wody umo\u017cliwiaj\u0105ca efektywne wykorzystanie energetyczne<\/li>\n\n\n\n<li>potwierdzona jako\u015b\u0107 i parametry w\u00f3d w badaniach geologicznych<\/li>\n\n\n\n<li>rozwini\u0119ty system eksploatacji oparty na kilku odwiertach<\/li>\n\n\n\n<li>mo\u017cliwo\u015b\u0107 d\u0142ugoterminowego wykorzystania dzi\u0119ki systemowi reiniekcji w\u00f3d<\/li>\n<\/ul>\n\n\n\n<p>Dzi\u0119ki temu geotermia w Uniejowie stanowi pewne i przewidywalne \u017ar\u00f3d\u0142o energii odnawialnej.<\/p>\n<\/details>\n\n\n\n<p>   <\/p>\n\n\n\n<details class=\"wp-block-details\"><summary><img loading=\"lazy\" decoding=\"async\" width=\"720\" height=\"144\" class=\"wp-image-2706 is-layout-flow wp-block-details-is-layout-flow\" style=\"width: 720px;\" src=\"https:\/\/uniejow.pl\/ucop\/wp-content\/uploads\/2026\/03\/42.jpg\" alt=\"\" srcset=\"https:\/\/uniejow.pl\/ucop\/wp-content\/uploads\/2026\/03\/42.jpg 2000w, https:\/\/uniejow.pl\/ucop\/wp-content\/uploads\/2026\/03\/42-300x60.jpg 300w, https:\/\/uniejow.pl\/ucop\/wp-content\/uploads\/2026\/03\/42-1024x205.jpg 1024w, https:\/\/uniejow.pl\/ucop\/wp-content\/uploads\/2026\/03\/42-768x154.jpg 768w, https:\/\/uniejow.pl\/ucop\/wp-content\/uploads\/2026\/03\/42-1536x307.jpg 1536w\" sizes=\"auto, (max-width: 720px) 100vw, 720px\" \/><\/summary>\n<p><br>Energia geotermalna mo\u017ce by\u0107 wykorzystywana w wielu obszarach zwi\u0105zanych z produkcj\u0105 i dystrybucj\u0105 ciep\u0142a.<\/p>\n\n\n\n<p>W praktyce obejmuje to m.in.:<\/p>\n\n\n\n<ul class=\"wp-block-list\">\n<li>zasilanie sieci ciep\u0142owniczych dla budynk\u00f3w mieszkalnych i publicznych<\/li>\n\n\n\n<li>ogrzewanie obiekt\u00f3w przemys\u0142owych i us\u0142ugowych<\/li>\n\n\n\n<li>wsparcie system\u00f3w energetycznych w obiektach turystycznych i rekreacyjnych<\/li>\n\n\n\n<li>wykorzystanie w instalacjach technologicznych wymagaj\u0105cych ciep\u0142a procesowego<\/li>\n\n\n\n<li>integracj\u0119 z innymi odnawialnymi \u017ar\u00f3d\u0142ami energii.<\/li>\n<\/ul>\n\n\n\n<p>W Uniejowie energia geotermalna ju\u017c dzi\u015b zasila budynki mieszkalne, obiekty publiczne, hotele oraz kompleksy turystyczne, stanowi\u0105c wa\u017cny element lokalnego systemu energetycznego.<\/p>\n<\/details>\n\n\n\n<p>   <\/p>\n\n\n\n<details class=\"wp-block-details\"><summary><img loading=\"lazy\" decoding=\"async\" width=\"720\" height=\"144\" class=\"wp-image-2707 is-layout-flow wp-block-details-is-layout-flow\" style=\"width: 720px;\" src=\"https:\/\/uniejow.pl\/ucop\/wp-content\/uploads\/2026\/03\/43.jpg\" alt=\"\" srcset=\"https:\/\/uniejow.pl\/ucop\/wp-content\/uploads\/2026\/03\/43.jpg 2000w, https:\/\/uniejow.pl\/ucop\/wp-content\/uploads\/2026\/03\/43-300x60.jpg 300w, https:\/\/uniejow.pl\/ucop\/wp-content\/uploads\/2026\/03\/43-1024x205.jpg 1024w, https:\/\/uniejow.pl\/ucop\/wp-content\/uploads\/2026\/03\/43-768x154.jpg 768w, https:\/\/uniejow.pl\/ucop\/wp-content\/uploads\/2026\/03\/43-1536x307.jpg 1536w\" sizes=\"auto, (max-width: 720px) 100vw, 720px\" \/><\/summary>\n<p><br>Jednym z najwi\u0119kszych atut\u00f3w Uniejowa jest rozwini\u0119ta infrastruktura techniczna, kt\u00f3ra umo\u017cliwia wdra\u017canie nowych projekt\u00f3w energetycznych.<\/p>\n\n\n\n<p>W regionie funkcjonuj\u0105 m.in.:<\/p>\n\n\n\n<ul class=\"wp-block-list\">\n<li>sie\u0107 ciep\u0142ownicza wykorzystuj\u0105ca energi\u0119 geotermaln\u0105<\/li>\n\n\n\n<li>nowoczesna infrastruktura wodno-kanalizacyjna<\/li>\n\n\n\n<li>stabilna sie\u0107 elektroenergetyczna i gazowa<\/li>\n\n\n\n<li>tereny inwestycyjne z mo\u017cliwo\u015bci\u0105 przy\u0142\u0105czenia do infrastruktury technicznej.<\/li>\n<\/ul>\n\n\n\n<p>Dodatkowo system geotermalny dzia\u0142a w modelu zamkni\u0119tego obiegu wody, w kt\u00f3rym po wykorzystaniu sch\u0142odzona woda jest ponownie wt\u0142aczana do warstw geologicznych. Rozwi\u0105zanie to pozwala chroni\u0107 zasoby naturalne i zapewnia ich d\u0142ugoterminow\u0105 stabilno\u015b\u0107.<\/p>\n<\/details>\n\n\n\n<p>   <\/p>\n\n\n\n<details class=\"wp-block-details\"><summary><img loading=\"lazy\" decoding=\"async\" width=\"720\" height=\"144\" class=\"wp-image-2708 is-layout-flow wp-block-details-is-layout-flow\" style=\"width: 720px;\" src=\"https:\/\/uniejow.pl\/ucop\/wp-content\/uploads\/2026\/03\/44.jpg\" alt=\"\" srcset=\"https:\/\/uniejow.pl\/ucop\/wp-content\/uploads\/2026\/03\/44.jpg 2000w, https:\/\/uniejow.pl\/ucop\/wp-content\/uploads\/2026\/03\/44-300x60.jpg 300w, https:\/\/uniejow.pl\/ucop\/wp-content\/uploads\/2026\/03\/44-1024x205.jpg 1024w, https:\/\/uniejow.pl\/ucop\/wp-content\/uploads\/2026\/03\/44-768x154.jpg 768w, https:\/\/uniejow.pl\/ucop\/wp-content\/uploads\/2026\/03\/44-1536x307.jpg 1536w\" sizes=\"auto, (max-width: 720px) 100vw, 720px\" \/><\/summary>\n<p><br>Uniej\u00f3w rozwija si\u0119 jako region wspieraj\u0105cy inwestycje oparte na zielonych technologiach i odnawialnych \u017ar\u00f3d\u0142ach energii.<\/p>\n\n\n\n<p>Atutami inwestycyjnymi s\u0105 m.in.:<\/p>\n\n\n\n<ul class=\"wp-block-list\">\n<li>dost\u0119p do odnawialnego \u017ar\u00f3d\u0142a energii geotermalnej<\/li>\n\n\n\n<li>rozwini\u0119ta infrastruktura techniczna i energetyczna<\/li>\n\n\n\n<li>dobre po\u0142\u0105czenia komunikacyjne z regionem centralnej Polski<\/li>\n\n\n\n<li>do\u015bwiadczenie samorz\u0105du w realizacji projekt\u00f3w geotermalnych<\/li>\n\n\n\n<li>mo\u017cliwo\u015b\u0107 korzystania z program\u00f3w wsparcia i funduszy europejskich.<\/li>\n<\/ul>\n\n\n\n<p>Dzi\u0119ki temu Uniej\u00f3w staje si\u0119 miejscem, w kt\u00f3rym projekty energetyczne oparte na geotermii mog\u0105 by\u0107 rozwijane w spos\u00f3b stabilny, efektywny i zgodny z kierunkami transformacji energetycznej w Europie.<\/p>\n<\/details>\n","protected":false},"excerpt":{"rendered":"<p>Uniej\u00f3w nale\u017cy do najciekawszych o\u015brodk\u00f3w wykorzystania energii geotermalnej w Polsce. Dzi\u0119ki naturalnym zasobom w\u00f3d termalnych, rozwini\u0119tej infrastrukturze oraz konsekwentnej strategii [&#8230;]<\/p>\n<p><a class=\"btn btn-secondary understrap-read-more-link\" href=\"https:\/\/uniejow.pl\/ucop\/potencjal-geotermii-i-warunki-dla-technologii-energetycznych\/\">Czytaj dalej\u2026<span class=\"screen-reader-text\"> from Potencja\u0142 geotermii i warunki dla technologii energetycznych<\/span><\/a><\/p>\n","protected":false},"author":2,"featured_media":2703,"parent":0,"menu_order":0,"comment_status":"closed","ping_status":"closed","template":"","meta":{"_acf_changed":false,"footnotes":""},"class_list":["post-2702","page","type-page","status-publish","has-post-thumbnail","hentry"],"acf":[],"_links":{"self":[{"href":"https:\/\/uniejow.pl\/ucop\/wp-json\/wp\/v2\/pages\/2702","targetHints":{"allow":["GET"]}}],"collection":[{"href":"https:\/\/uniejow.pl\/ucop\/wp-json\/wp\/v2\/pages"}],"about":[{"href":"https:\/\/uniejow.pl\/ucop\/wp-json\/wp\/v2\/types\/page"}],"author":[{"embeddable":true,"href":"https:\/\/uniejow.pl\/ucop\/wp-json\/wp\/v2\/users\/2"}],"replies":[{"embeddable":true,"href":"https:\/\/uniejow.pl\/ucop\/wp-json\/wp\/v2\/comments?post=2702"}],"version-history":[{"count":3,"href":"https:\/\/uniejow.pl\/ucop\/wp-json\/wp\/v2\/pages\/2702\/revisions"}],"predecessor-version":[{"id":2711,"href":"https:\/\/uniejow.pl\/ucop\/wp-json\/wp\/v2\/pages\/2702\/revisions\/2711"}],"wp:featuredmedia":[{"embeddable":true,"href":"https:\/\/uniejow.pl\/ucop\/wp-json\/wp\/v2\/media\/2703"}],"wp:attachment":[{"href":"https:\/\/uniejow.pl\/ucop\/wp-json\/wp\/v2\/media?parent=2702"}],"curies":[{"name":"wp","href":"https:\/\/api.w.org\/{rel}","templated":true}]}}