{"id":2823,"date":"2026-03-24T09:23:51","date_gmt":"2026-03-24T08:23:51","guid":{"rendered":"https:\/\/uniejow.pl\/ucop\/?page_id=2823"},"modified":"2026-03-24T09:25:50","modified_gmt":"2026-03-24T08:25:50","slug":"potencjal-rynkowy-i-przewagi-konkurencyjne-w-branzy-kosmetycznej-i-wellness","status":"publish","type":"page","link":"https:\/\/uniejow.pl\/ucop\/potencjal-rynkowy-i-przewagi-konkurencyjne-w-branzy-kosmetycznej-i-wellness\/","title":{"rendered":"Potencja\u0142 rynkowy i przewagi konkurencyjne w bran\u017cy kosmetycznej i wellness"},"content":{"rendered":"\n<p><\/p>\n\n\n\n<p><strong>Rosn\u0105cy rynek i zmieniaj\u0105ce si\u0119 potrzeby konsument\u00f3w<\/strong><\/p>\n\n\n\n<p>Rynek kosmetyczny oraz sektor wellness nale\u017c\u0105 dzi\u015b do najszybciej rozwijaj\u0105cych si\u0119 obszar\u00f3w globalnej gospodarki. Ich dynamiczny wzrost wynika nie tylko z rosn\u0105cej si\u0142y nabywczej konsument\u00f3w, ale przede wszystkim ze zmiany stylu \u017cycia i podej\u015bcia do zdrowia. Coraz wi\u0119ksz\u0105 rol\u0119 odgrywa profilaktyka, holistyczne podej\u015bcie do dobrostanu oraz \u015bwiadoma piel\u0119gnacja oparta na naturalnych sk\u0142adnikach.<\/p>\n\n\n\n<p>Globalna gospodarka wellness w 2023 roku osi\u0105gn\u0119\u0142a warto\u015b\u0107 6,3 biliona dolar\u00f3w, co stanowi\u0142o ponad 6% \u015bwiatowego PKB. Prognozy wskazuj\u0105 na dalszy, stabilny wzrost \u2013 do niemal 9 bilion\u00f3w dolar\u00f3w do 2028 roku, przy \u015bredniorocznym tempie wzrostu na poziomie 7,3%. Szczeg\u00f3lnie dynamicznie rozwijaj\u0105 si\u0119 segmenty takie jak turystyka wellness (prognozowany wzrost do 1,4 biliona dolar\u00f3w do 2027 roku) oraz rynek SPA, kt\u00f3ry r\u00f3wnie\u017c systematycznie zwi\u0119ksza swoj\u0105 warto\u015b\u0107.<\/p>\n\n\n\n<p>Na tym tle Polska wyr\u00f3\u017cnia si\u0119 jako jeden z kluczowych rynk\u00f3w europejskich. Krajowy sektor kosmetyczny osi\u0105gn\u0105\u0142 w 2024 roku warto\u015b\u0107 przekraczaj\u0105c\u0105 35 miliard\u00f3w z\u0142otych, notuj\u0105c stabilny wzrost rok do roku. Polska zajmuje 5. miejsce w Unii Europejskiej pod wzgl\u0119dem wielko\u015bci rynku oraz 9. miejsce na \u015bwiecie jako eksporter kosmetyk\u00f3w, co potwierdza siln\u0105 pozycj\u0119 bran\u017cy oraz jej mi\u0119dzynarodow\u0105 konkurencyjno\u015b\u0107.<\/p>\n\n\n\n<p><\/p>\n\n\n\n<p><strong>Trend: naturalno\u015b\u0107, skuteczno\u015b\u0107 i holistyczne podej\u015bcie<\/strong><\/p>\n\n\n\n<p>Kluczowym kierunkiem rozwoju bran\u017cy jest rosn\u0105ce zainteresowanie produktami naturalnymi oraz rozwi\u0105zaniami \u0142\u0105cz\u0105cymi piel\u0119gnacj\u0119 z popraw\u0105 zdrowia i samopoczucia. Konsumenci coraz cz\u0119\u015bciej poszukuj\u0105 kosmetyk\u00f3w, kt\u00f3re nie tylko poprawiaj\u0105 wygl\u0105d, ale r\u00f3wnie\u017c wspieraj\u0105 funkcjonowanie sk\u00f3ry i organizmu.<\/p>\n\n\n\n<p>Szczeg\u00f3ln\u0105 rol\u0119 odgrywaj\u0105 tu m\u0142odsze pokolenia \u2013 Generacja Z oraz Millennialsi \u2013 kt\u00f3re kszta\u0142tuj\u0105 nowe standardy rynku. Charakteryzuj\u0105 si\u0119 one wi\u0119ksz\u0105 \u015bwiadomo\u015bci\u0105 sk\u0142adu produkt\u00f3w, otwarto\u015bci\u0105 na innowacje oraz zainteresowaniem wieloetapow\u0105 piel\u0119gnacj\u0105 i spersonalizowanymi rozwi\u0105zaniami.<\/p>\n\n\n\n<p>R\u00f3wnolegle ro\u015bnie popularno\u015b\u0107 us\u0142ug wellness: SPA, odnowy biologicznej, jogi czy medytacji. Konsumenci coraz cz\u0119\u015bciej traktuj\u0105 je nie jako luksus, lecz jako element codziennej troski o zdrowie \u2013 fizyczne, psychiczne i emocjonalne.<\/p>\n\n\n\n<p><\/p>\n\n\n\n<p><strong>Woda geotermalna jako strategiczna przewaga konkurencyjna<\/strong><\/p>\n\n\n\n<p>W tym kontek\u015bcie szczeg\u00f3lnego znaczenia nabieraj\u0105 surowce naturalne o udokumentowanych w\u0142a\u015bciwo\u015bciach piel\u0119gnacyjnych i terapeutycznych. Woda geotermalna, bogata w minera\u0142y i mikroelementy, stanowi jeden z najbardziej perspektywicznych sk\u0142adnik\u00f3w wykorzystywanych zar\u00f3wno w kosmetykach, jak i us\u0142ugach wellness.<\/p>\n\n\n\n<p>Jej w\u0142a\u015bciwo\u015bci obejmuj\u0105 m.in.:<\/p>\n\n\n\n<ul class=\"wp-block-list\">\n<li>wsparcie regeneracji sk\u00f3ry<\/li>\n\n\n\n<li>dzia\u0142anie \u0142agodz\u0105ce i przeciwzapalne<\/li>\n\n\n\n<li>popraw\u0119 nawil\u017cenia i elastyczno\u015bci<\/li>\n\n\n\n<li>zastosowanie w terapiach relaksacyjnych i rehabilitacyjnych<\/li>\n<\/ul>\n\n\n\n<p>Co istotne, woda geotermalna wpisuje si\u0119 idealnie w trzy kluczowe megatrendy:<\/p>\n\n\n\n<ul class=\"wp-block-list\">\n<li>naturalno\u015b\u0107 i czysty sk\u0142ad (clean beauty)<\/li>\n\n\n\n<li>wellness i zdrowie holistyczne<\/li>\n\n\n\n<li>autentyczno\u015b\u0107 i lokalne pochodzenie surowc\u00f3w<\/li>\n<\/ul>\n\n\n\n<p><\/p>\n\n\n\n<p><strong>Uniej\u00f3w jako \u017ar\u00f3d\u0142o unikalnej warto\u015bci biznesowej<\/strong><\/p>\n\n\n\n<p>Dodatkowym, niezwykle istotnym elementem przewagi konkurencyjnej jest lokalizacja i dost\u0119p do zasobu, jakim jest woda geotermalna w Uniejowie. To nie tylko surowiec, ale fundament budowy ca\u0142ego ekosystemu biznesowego \u2013 \u0142\u0105cz\u0105cego produkcj\u0119 kosmetyk\u00f3w, us\u0142ugi wellness oraz potencja\u0142 turystyki zdrowotnej.<\/p>\n\n\n\n<p>Taka integracja umo\u017cliwia:<\/p>\n\n\n\n<ul class=\"wp-block-list\">\n<li>budow\u0119 silnej, autentycznej marki opartej na miejscu pochodzenia<\/li>\n\n\n\n<li>tworzenie do\u015bwiadcze\u0144 (SPA, rytua\u0142y, zabiegi), a nie tylko produkt\u00f3w<\/li>\n\n\n\n<li>rozw\u00f3j synergii mi\u0119dzy kosmetykami a us\u0142ugami<\/li>\n\n\n\n<li>wyr\u00f3\u017cnienie si\u0119 na tle konkurencji trudne do skopiowania<\/li>\n<\/ul>\n\n\n\n<p><\/p>\n","protected":false},"excerpt":{"rendered":"<p>Rosn\u0105cy rynek i zmieniaj\u0105ce si\u0119 potrzeby konsument\u00f3w Rynek kosmetyczny oraz sektor wellness nale\u017c\u0105 dzi\u015b do najszybciej rozwijaj\u0105cych si\u0119 obszar\u00f3w globalnej [&#8230;]<\/p>\n<p><a class=\"btn btn-secondary understrap-read-more-link\" href=\"https:\/\/uniejow.pl\/ucop\/potencjal-rynkowy-i-przewagi-konkurencyjne-w-branzy-kosmetycznej-i-wellness\/\">Czytaj dalej\u2026<span class=\"screen-reader-text\"> from Potencja\u0142 rynkowy i przewagi konkurencyjne w bran\u017cy kosmetycznej i wellness<\/span><\/a><\/p>\n","protected":false},"author":2,"featured_media":2811,"parent":0,"menu_order":0,"comment_status":"closed","ping_status":"closed","template":"","meta":{"_acf_changed":false,"footnotes":""},"class_list":["post-2823","page","type-page","status-publish","has-post-thumbnail","hentry"],"acf":[],"_links":{"self":[{"href":"https:\/\/uniejow.pl\/ucop\/wp-json\/wp\/v2\/pages\/2823","targetHints":{"allow":["GET"]}}],"collection":[{"href":"https:\/\/uniejow.pl\/ucop\/wp-json\/wp\/v2\/pages"}],"about":[{"href":"https:\/\/uniejow.pl\/ucop\/wp-json\/wp\/v2\/types\/page"}],"author":[{"embeddable":true,"href":"https:\/\/uniejow.pl\/ucop\/wp-json\/wp\/v2\/users\/2"}],"replies":[{"embeddable":true,"href":"https:\/\/uniejow.pl\/ucop\/wp-json\/wp\/v2\/comments?post=2823"}],"version-history":[{"count":4,"href":"https:\/\/uniejow.pl\/ucop\/wp-json\/wp\/v2\/pages\/2823\/revisions"}],"predecessor-version":[{"id":2829,"href":"https:\/\/uniejow.pl\/ucop\/wp-json\/wp\/v2\/pages\/2823\/revisions\/2829"}],"wp:featuredmedia":[{"embeddable":true,"href":"https:\/\/uniejow.pl\/ucop\/wp-json\/wp\/v2\/media\/2811"}],"wp:attachment":[{"href":"https:\/\/uniejow.pl\/ucop\/wp-json\/wp\/v2\/media?parent=2823"}],"curies":[{"name":"wp","href":"https:\/\/api.w.org\/{rel}","templated":true}]}}