{"id":297,"date":"2024-12-05T10:08:21","date_gmt":"2024-12-05T09:08:21","guid":{"rendered":"https:\/\/uniejow.pl\/ucop\/?page_id=297"},"modified":"2026-03-25T09:39:28","modified_gmt":"2026-03-25T08:39:28","slug":"aktualne-nabory","status":"publish","type":"page","link":"https:\/\/uniejow.pl\/ucop\/aktualne-nabory\/","title":{"rendered":"Aktualne nabory"},"content":{"rendered":"\n<p>Poni\u017cej prezentujemy aktualne nabory i programy dla przedsi\u0119biorc\u00f3w lub os\u00f3b fizycznych chc\u0105cych podj\u0105\u0107 dzia\u0142alno\u015b\u0107 gospodarcz\u0105. Je\u015bli chcesz dowiedzie\u0107 si\u0119 wi\u0119cej, skontaktuj si\u0119 z naszym biurem, przygotujemy dla Ciebie najwa\u017cniejsze informacje dotycz\u0105ce interesuj\u0105cego Ci\u0119 programu.<\/p>\n\n\n\n<p style=\"font-size:0px\">Je\u015bli szukasz dofinansowa\u0144 na rozpocz\u0119cie lub rozwini\u0119cie dzia\u0142alno\u015bci gospodarczej, poni\u017cej znajdziesz aktualne nabory. <\/p>\n\n\n\n<figure class=\"wp-block-image size-large is-resized\"><a href=\"https:\/\/feng.parp.gov.pl\/component\/grants\/grants\/promocja-marki-innowacyjnych-msp\"><img loading=\"lazy\" decoding=\"async\" width=\"1024\" height=\"576\" src=\"https:\/\/uniejow.pl\/ucop\/wp-content\/uploads\/2026\/03\/promocja-marki-innowacyjnych-msp-1024x576.jpg\" alt=\"\" class=\"wp-image-2856\" style=\"width:582px;height:auto\" srcset=\"https:\/\/uniejow.pl\/ucop\/wp-content\/uploads\/2026\/03\/promocja-marki-innowacyjnych-msp-1024x576.jpg 1024w, https:\/\/uniejow.pl\/ucop\/wp-content\/uploads\/2026\/03\/promocja-marki-innowacyjnych-msp-300x169.jpg 300w, https:\/\/uniejow.pl\/ucop\/wp-content\/uploads\/2026\/03\/promocja-marki-innowacyjnych-msp-768x432.jpg 768w, https:\/\/uniejow.pl\/ucop\/wp-content\/uploads\/2026\/03\/promocja-marki-innowacyjnych-msp.jpg 1280w\" sizes=\"auto, (max-width: 1024px) 100vw, 1024px\" \/><\/a><\/figure>\n\n\n\n<p class=\"has-white-color has-white-background-color has-text-color has-background has-link-color has-small-font-size wp-elements-b85ddb6c9ad757acfca8860b85835d51\"><a href=\"https:\/\/larr.pl\/pozyczka-na-inwestycje-w-msp--wojewodztwo-lodzkie\">https:\/\/larr.pl\/pozyczka-na-inwestycje-w-msp&#8211;wojewodztwo-lodzkie<\/a><\/p>\n\n\n\n<figure class=\"wp-block-image size-large is-resized\"><a href=\"https:\/\/startupspark.sse.lodz.pl\/\"><img loading=\"lazy\" decoding=\"async\" width=\"1024\" height=\"576\" src=\"https:\/\/uniejow.pl\/ucop\/wp-content\/uploads\/2025\/02\/STARTUP-SPARK-3.0-1024x576.jpg\" alt=\"\" class=\"wp-image-1125\" style=\"width:576px;height:auto\" srcset=\"https:\/\/uniejow.pl\/ucop\/wp-content\/uploads\/2025\/02\/STARTUP-SPARK-3.0-1024x576.jpg 1024w, https:\/\/uniejow.pl\/ucop\/wp-content\/uploads\/2025\/02\/STARTUP-SPARK-3.0-300x169.jpg 300w, https:\/\/uniejow.pl\/ucop\/wp-content\/uploads\/2025\/02\/STARTUP-SPARK-3.0-768x432.jpg 768w, https:\/\/uniejow.pl\/ucop\/wp-content\/uploads\/2025\/02\/STARTUP-SPARK-3.0.jpg 1280w\" sizes=\"auto, (max-width: 1024px) 100vw, 1024px\" \/><\/a><\/figure>\n\n\n\n<figure class=\"wp-block-image size-large is-resized\"><a href=\"https:\/\/strefarozwoju.lodz.pl\/\"><img loading=\"lazy\" decoding=\"async\" width=\"1024\" height=\"576\" src=\"https:\/\/uniejow.pl\/ucop\/wp-content\/uploads\/2025\/09\/strefa-rozwoyou-3.0-1024x576.jpg\" alt=\"\" class=\"wp-image-2048\" style=\"width:576px;height:auto\" srcset=\"https:\/\/uniejow.pl\/ucop\/wp-content\/uploads\/2025\/09\/strefa-rozwoyou-3.0-1024x576.jpg 1024w, https:\/\/uniejow.pl\/ucop\/wp-content\/uploads\/2025\/09\/strefa-rozwoyou-3.0-300x169.jpg 300w, https:\/\/uniejow.pl\/ucop\/wp-content\/uploads\/2025\/09\/strefa-rozwoyou-3.0-768x432.jpg 768w, https:\/\/uniejow.pl\/ucop\/wp-content\/uploads\/2025\/09\/strefa-rozwoyou-3.0.jpg 1280w\" sizes=\"auto, (max-width: 1024px) 100vw, 1024px\" \/><\/a><\/figure>\n\n\n\n<figure class=\"wp-block-image size-large is-resized\"><a href=\"https:\/\/booster.unicornhub.pl\/\"><img loading=\"lazy\" decoding=\"async\" width=\"1024\" height=\"576\" src=\"https:\/\/uniejow.pl\/ucop\/wp-content\/uploads\/2025\/02\/unicorn-hub-1024x576.jpg\" alt=\"\" class=\"wp-image-1154\" style=\"width:576px;height:auto\" srcset=\"https:\/\/uniejow.pl\/ucop\/wp-content\/uploads\/2025\/02\/unicorn-hub-1024x576.jpg 1024w, https:\/\/uniejow.pl\/ucop\/wp-content\/uploads\/2025\/02\/unicorn-hub-300x169.jpg 300w, https:\/\/uniejow.pl\/ucop\/wp-content\/uploads\/2025\/02\/unicorn-hub-768x432.jpg 768w, https:\/\/uniejow.pl\/ucop\/wp-content\/uploads\/2025\/02\/unicorn-hub.jpg 1280w\" sizes=\"auto, (max-width: 1024px) 100vw, 1024px\" \/><\/a><\/figure>\n\n\n\n<figure class=\"wp-block-image size-large is-resized\"><a href=\"https:\/\/www.parp.gov.pl\/component\/grants\/grants\/component\/grants\/grants\/granty-na-eurogranty-1#wyniki_i_archiwum\"><img loading=\"lazy\" decoding=\"async\" width=\"1024\" height=\"576\" src=\"https:\/\/uniejow.pl\/ucop\/wp-content\/uploads\/2025\/09\/granty_na_eurogranty-1024x576.jpg\" alt=\"\" class=\"wp-image-2049\" style=\"width:575px;height:auto\" srcset=\"https:\/\/uniejow.pl\/ucop\/wp-content\/uploads\/2025\/09\/granty_na_eurogranty-1024x576.jpg 1024w, https:\/\/uniejow.pl\/ucop\/wp-content\/uploads\/2025\/09\/granty_na_eurogranty-300x169.jpg 300w, https:\/\/uniejow.pl\/ucop\/wp-content\/uploads\/2025\/09\/granty_na_eurogranty-768x432.jpg 768w, https:\/\/uniejow.pl\/ucop\/wp-content\/uploads\/2025\/09\/granty_na_eurogranty.jpg 1280w\" sizes=\"auto, (max-width: 1024px) 100vw, 1024px\" \/><\/a><\/figure>\n\n\n\n<figure class=\"wp-block-image size-large is-resized\"><a href=\"https:\/\/www.parp.gov.pl\/component\/grants\/grants\/erasmus-dla-mlodych-przedsiebiorcow#opis\"><img loading=\"lazy\" decoding=\"async\" width=\"1024\" height=\"576\" src=\"https:\/\/uniejow.pl\/ucop\/wp-content\/uploads\/2025\/02\/erasmus-dla-mlodych-1024x576.jpg\" alt=\"\" class=\"wp-image-1164\" style=\"width:579px;height:auto\" srcset=\"https:\/\/uniejow.pl\/ucop\/wp-content\/uploads\/2025\/02\/erasmus-dla-mlodych-1024x576.jpg 1024w, https:\/\/uniejow.pl\/ucop\/wp-content\/uploads\/2025\/02\/erasmus-dla-mlodych-300x169.jpg 300w, https:\/\/uniejow.pl\/ucop\/wp-content\/uploads\/2025\/02\/erasmus-dla-mlodych-768x432.jpg 768w, https:\/\/uniejow.pl\/ucop\/wp-content\/uploads\/2025\/02\/erasmus-dla-mlodych.jpg 1280w\" sizes=\"auto, (max-width: 1024px) 100vw, 1024px\" \/><\/a><\/figure>\n\n\n\n<figure class=\"wp-block-image size-large is-resized\"><a href=\"https:\/\/www.parp.gov.pl\/component\/grants\/grants\/wsparcie-firm-w-okresowych-trudnosciach---oferta-dla-przedsiebiorcow#opis\"><img loading=\"lazy\" decoding=\"async\" width=\"1024\" height=\"576\" src=\"https:\/\/uniejow.pl\/ucop\/wp-content\/uploads\/2025\/02\/wsparcie-w-okresowych-trudnosciach-1024x576.jpg\" alt=\"\" class=\"wp-image-1168\" style=\"width:580px;height:auto\" srcset=\"https:\/\/uniejow.pl\/ucop\/wp-content\/uploads\/2025\/02\/wsparcie-w-okresowych-trudnosciach-1024x576.jpg 1024w, https:\/\/uniejow.pl\/ucop\/wp-content\/uploads\/2025\/02\/wsparcie-w-okresowych-trudnosciach-300x169.jpg 300w, https:\/\/uniejow.pl\/ucop\/wp-content\/uploads\/2025\/02\/wsparcie-w-okresowych-trudnosciach-768x432.jpg 768w, https:\/\/uniejow.pl\/ucop\/wp-content\/uploads\/2025\/02\/wsparcie-w-okresowych-trudnosciach.jpg 1280w\" sizes=\"auto, (max-width: 1024px) 100vw, 1024px\" \/><\/a><\/figure>\n\n\n\n<figure class=\"wp-block-image size-large is-resized\"><a href=\"https:\/\/scalab.pl\/\"><img loading=\"lazy\" decoding=\"async\" width=\"1024\" height=\"576\" src=\"https:\/\/uniejow.pl\/ucop\/wp-content\/uploads\/2025\/09\/scalab-1024x576.jpg\" alt=\"\" class=\"wp-image-2050\" style=\"width:580px;height:auto\" srcset=\"https:\/\/uniejow.pl\/ucop\/wp-content\/uploads\/2025\/09\/scalab-1024x576.jpg 1024w, https:\/\/uniejow.pl\/ucop\/wp-content\/uploads\/2025\/09\/scalab-300x169.jpg 300w, https:\/\/uniejow.pl\/ucop\/wp-content\/uploads\/2025\/09\/scalab-768x432.jpg 768w, https:\/\/uniejow.pl\/ucop\/wp-content\/uploads\/2025\/09\/scalab.jpg 1280w\" sizes=\"auto, (max-width: 1024px) 100vw, 1024px\" \/><\/a><\/figure>\n\n\n\n<figure class=\"wp-block-image size-large is-resized\"><a href=\"https:\/\/www.pfp.com.pl\/pozyczki\/wojewodztwo\/lodzkie\/rodzaj\/dla-przedsiebiorcow\"><img loading=\"lazy\" decoding=\"async\" width=\"1024\" height=\"576\" src=\"https:\/\/uniejow.pl\/ucop\/wp-content\/uploads\/2025\/02\/pozyczki-1024x576.jpg\" alt=\"\" class=\"wp-image-1183\" style=\"width:579px;height:auto\" srcset=\"https:\/\/uniejow.pl\/ucop\/wp-content\/uploads\/2025\/02\/pozyczki-1024x576.jpg 1024w, https:\/\/uniejow.pl\/ucop\/wp-content\/uploads\/2025\/02\/pozyczki-300x169.jpg 300w, https:\/\/uniejow.pl\/ucop\/wp-content\/uploads\/2025\/02\/pozyczki-768x432.jpg 768w, https:\/\/uniejow.pl\/ucop\/wp-content\/uploads\/2025\/02\/pozyczki.jpg 1280w\" sizes=\"auto, (max-width: 1024px) 100vw, 1024px\" \/><\/a><\/figure>\n\n\n\n<figure class=\"wp-block-image size-large is-resized\"><a href=\"https:\/\/booster.technopark.kielce.pl\/pl\/home#o-programie\"><img loading=\"lazy\" decoding=\"async\" width=\"1024\" height=\"576\" src=\"https:\/\/uniejow.pl\/ucop\/wp-content\/uploads\/2025\/02\/kielce-booster-1024x576.jpg\" alt=\"\" class=\"wp-image-1186\" style=\"width:581px;height:auto\" srcset=\"https:\/\/uniejow.pl\/ucop\/wp-content\/uploads\/2025\/02\/kielce-booster-1024x576.jpg 1024w, https:\/\/uniejow.pl\/ucop\/wp-content\/uploads\/2025\/02\/kielce-booster-300x169.jpg 300w, https:\/\/uniejow.pl\/ucop\/wp-content\/uploads\/2025\/02\/kielce-booster-768x432.jpg 768w, https:\/\/uniejow.pl\/ucop\/wp-content\/uploads\/2025\/02\/kielce-booster.jpg 1280w\" sizes=\"auto, (max-width: 1024px) 100vw, 1024px\" \/><\/a><\/figure>\n\n\n\n<figure class=\"wp-block-image size-large is-resized\"><a href=\"https:\/\/booster.polskaprzedsiebiorcza.pl\/#program\"><img loading=\"lazy\" decoding=\"async\" width=\"1024\" height=\"576\" src=\"https:\/\/uniejow.pl\/ucop\/wp-content\/uploads\/2025\/02\/Innovation-Zone-Programe-1024x576.jpg\" alt=\"\" class=\"wp-image-1192\" style=\"width:579px;height:auto\" srcset=\"https:\/\/uniejow.pl\/ucop\/wp-content\/uploads\/2025\/02\/Innovation-Zone-Programe-1024x576.jpg 1024w, https:\/\/uniejow.pl\/ucop\/wp-content\/uploads\/2025\/02\/Innovation-Zone-Programe-300x169.jpg 300w, https:\/\/uniejow.pl\/ucop\/wp-content\/uploads\/2025\/02\/Innovation-Zone-Programe-768x432.jpg 768w, https:\/\/uniejow.pl\/ucop\/wp-content\/uploads\/2025\/02\/Innovation-Zone-Programe.jpg 1280w\" sizes=\"auto, (max-width: 1024px) 100vw, 1024px\" \/><\/a><\/figure>\n\n\n\n<figure class=\"wp-block-image size-large is-resized\"><a href=\"https:\/\/www.parp.gov.pl\/component\/grants\/grants\/dostepnosc-szansa-na-rozwoj-3---oferta-dla-przedsiebiorcow#opis\"><img loading=\"lazy\" decoding=\"async\" width=\"1024\" height=\"576\" src=\"https:\/\/uniejow.pl\/ucop\/wp-content\/uploads\/2025\/02\/dostepnosc-szansa-na-rozwoj-1024x576.jpg\" alt=\"\" class=\"wp-image-1195\" style=\"width:578px;height:auto\" srcset=\"https:\/\/uniejow.pl\/ucop\/wp-content\/uploads\/2025\/02\/dostepnosc-szansa-na-rozwoj-1024x576.jpg 1024w, https:\/\/uniejow.pl\/ucop\/wp-content\/uploads\/2025\/02\/dostepnosc-szansa-na-rozwoj-300x169.jpg 300w, https:\/\/uniejow.pl\/ucop\/wp-content\/uploads\/2025\/02\/dostepnosc-szansa-na-rozwoj-768x432.jpg 768w, https:\/\/uniejow.pl\/ucop\/wp-content\/uploads\/2025\/02\/dostepnosc-szansa-na-rozwoj.jpg 1280w\" sizes=\"auto, (max-width: 1024px) 100vw, 1024px\" \/><\/a><\/figure>\n\n\n\n<figure class=\"wp-block-image size-large is-resized\"><a href=\"https:\/\/bon2.larr.pl\/\"><img loading=\"lazy\" decoding=\"async\" width=\"1024\" height=\"576\" src=\"https:\/\/uniejow.pl\/ucop\/wp-content\/uploads\/2025\/02\/Bon-apetyt-na-rozwoj-1024x576.jpg\" alt=\"\" class=\"wp-image-1200\" style=\"width:582px;height:auto\" srcset=\"https:\/\/uniejow.pl\/ucop\/wp-content\/uploads\/2025\/02\/Bon-apetyt-na-rozwoj-1024x576.jpg 1024w, https:\/\/uniejow.pl\/ucop\/wp-content\/uploads\/2025\/02\/Bon-apetyt-na-rozwoj-300x169.jpg 300w, https:\/\/uniejow.pl\/ucop\/wp-content\/uploads\/2025\/02\/Bon-apetyt-na-rozwoj-768x432.jpg 768w, https:\/\/uniejow.pl\/ucop\/wp-content\/uploads\/2025\/02\/Bon-apetyt-na-rozwoj.jpg 1280w\" sizes=\"auto, (max-width: 1024px) 100vw, 1024px\" \/><\/a><\/figure>\n\n\n\n<figure class=\"wp-block-image size-large is-resized\"><a href=\"https:\/\/larr.pl\/pozyczka-na-rozwoj-kultury-i-turystyki---wojewodztwo-lodzkie\"><img loading=\"lazy\" decoding=\"async\" width=\"1024\" height=\"576\" src=\"https:\/\/uniejow.pl\/ucop\/wp-content\/uploads\/2025\/04\/pozyczka-kultura-i-turystyka-1024x576.jpg\" alt=\"\" class=\"wp-image-1513\" style=\"width:584px;height:auto\" srcset=\"https:\/\/uniejow.pl\/ucop\/wp-content\/uploads\/2025\/04\/pozyczka-kultura-i-turystyka-1024x576.jpg 1024w, https:\/\/uniejow.pl\/ucop\/wp-content\/uploads\/2025\/04\/pozyczka-kultura-i-turystyka-300x169.jpg 300w, https:\/\/uniejow.pl\/ucop\/wp-content\/uploads\/2025\/04\/pozyczka-kultura-i-turystyka-768x432.jpg 768w, https:\/\/uniejow.pl\/ucop\/wp-content\/uploads\/2025\/04\/pozyczka-kultura-i-turystyka.jpg 1280w\" sizes=\"auto, (max-width: 1024px) 100vw, 1024px\" \/><\/a><\/figure>\n\n\n\n<figure class=\"wp-block-image size-large is-resized\"><a href=\"https:\/\/psfoperator.eu\/firmy\/\"><img loading=\"lazy\" decoding=\"async\" width=\"1024\" height=\"576\" src=\"https:\/\/uniejow.pl\/ucop\/wp-content\/uploads\/2025\/04\/bony-rozwojowe-wojewodztwo-lodzkie-1024x576.jpg\" alt=\"\" class=\"wp-image-1634\" style=\"width:584px;height:auto\" srcset=\"https:\/\/uniejow.pl\/ucop\/wp-content\/uploads\/2025\/04\/bony-rozwojowe-wojewodztwo-lodzkie-1024x576.jpg 1024w, https:\/\/uniejow.pl\/ucop\/wp-content\/uploads\/2025\/04\/bony-rozwojowe-wojewodztwo-lodzkie-300x169.jpg 300w, https:\/\/uniejow.pl\/ucop\/wp-content\/uploads\/2025\/04\/bony-rozwojowe-wojewodztwo-lodzkie-768x432.jpg 768w, https:\/\/uniejow.pl\/ucop\/wp-content\/uploads\/2025\/04\/bony-rozwojowe-wojewodztwo-lodzkie.jpg 1280w\" sizes=\"auto, (max-width: 1024px) 100vw, 1024px\" \/><\/a><\/figure>\n\n\n\n<figure class=\"wp-block-image size-large is-resized\"><a href=\"https:\/\/psfoperator.eu\/fwj\/#opis\"><img loading=\"lazy\" decoding=\"async\" width=\"1024\" height=\"576\" src=\"https:\/\/uniejow.pl\/ucop\/wp-content\/uploads\/2025\/04\/tu-i-teraz-1024x576.jpg\" alt=\"\" class=\"wp-image-1637\" style=\"width:583px;height:auto\" srcset=\"https:\/\/uniejow.pl\/ucop\/wp-content\/uploads\/2025\/04\/tu-i-teraz-1024x576.jpg 1024w, https:\/\/uniejow.pl\/ucop\/wp-content\/uploads\/2025\/04\/tu-i-teraz-300x169.jpg 300w, https:\/\/uniejow.pl\/ucop\/wp-content\/uploads\/2025\/04\/tu-i-teraz-768x432.jpg 768w, https:\/\/uniejow.pl\/ucop\/wp-content\/uploads\/2025\/04\/tu-i-teraz.jpg 1280w\" sizes=\"auto, (max-width: 1024px) 100vw, 1024px\" \/><\/a><\/figure>\n\n\n\n<figure class=\"wp-block-image size-large is-resized\"><a href=\"https:\/\/www.bgk.pl\/produkty\/pozyczka-na-inwestycje-w-msp-lodzkie\/\"><img loading=\"lazy\" decoding=\"async\" width=\"1024\" height=\"576\" src=\"https:\/\/uniejow.pl\/ucop\/wp-content\/uploads\/2025\/07\/pozyczka-na-inwestycje-w-MSP-1024x576.jpg\" alt=\"\" class=\"wp-image-1956\" style=\"width:583px;height:auto\" srcset=\"https:\/\/uniejow.pl\/ucop\/wp-content\/uploads\/2025\/07\/pozyczka-na-inwestycje-w-MSP-1024x576.jpg 1024w, https:\/\/uniejow.pl\/ucop\/wp-content\/uploads\/2025\/07\/pozyczka-na-inwestycje-w-MSP-300x169.jpg 300w, https:\/\/uniejow.pl\/ucop\/wp-content\/uploads\/2025\/07\/pozyczka-na-inwestycje-w-MSP-768x432.jpg 768w, https:\/\/uniejow.pl\/ucop\/wp-content\/uploads\/2025\/07\/pozyczka-na-inwestycje-w-MSP.jpg 1280w\" sizes=\"auto, (max-width: 1024px) 100vw, 1024px\" \/><\/a><\/figure>\n\n\n\n<figure class=\"wp-block-image size-large is-resized\"><a href=\"https:\/\/projektebon.pl\/\"><img loading=\"lazy\" decoding=\"async\" width=\"1024\" height=\"576\" src=\"https:\/\/uniejow.pl\/ucop\/wp-content\/uploads\/2025\/08\/ebon-1024x576.jpg\" alt=\"\" class=\"wp-image-1974\" style=\"width:584px;height:auto\" srcset=\"https:\/\/uniejow.pl\/ucop\/wp-content\/uploads\/2025\/08\/ebon-1024x576.jpg 1024w, https:\/\/uniejow.pl\/ucop\/wp-content\/uploads\/2025\/08\/ebon-300x169.jpg 300w, https:\/\/uniejow.pl\/ucop\/wp-content\/uploads\/2025\/08\/ebon-768x432.jpg 768w, https:\/\/uniejow.pl\/ucop\/wp-content\/uploads\/2025\/08\/ebon.jpg 1280w\" sizes=\"auto, (max-width: 1024px) 100vw, 1024px\" \/><\/a><\/figure>\n\n\n\n<figure class=\"wp-block-image size-large is-resized\"><a href=\"https:\/\/lodzkidombiznesu.pl\/projekt-mennica-uslug-szkoleniowych-2\/\"><img loading=\"lazy\" decoding=\"async\" width=\"1024\" height=\"576\" src=\"https:\/\/uniejow.pl\/ucop\/wp-content\/uploads\/2025\/09\/mENNICA-uSLUG-sZKOLENIOWYCH-2-1024x576.jpg\" alt=\"\" class=\"wp-image-2053\" style=\"width:583px;height:auto\" srcset=\"https:\/\/uniejow.pl\/ucop\/wp-content\/uploads\/2025\/09\/mENNICA-uSLUG-sZKOLENIOWYCH-2-1024x576.jpg 1024w, https:\/\/uniejow.pl\/ucop\/wp-content\/uploads\/2025\/09\/mENNICA-uSLUG-sZKOLENIOWYCH-2-300x169.jpg 300w, https:\/\/uniejow.pl\/ucop\/wp-content\/uploads\/2025\/09\/mENNICA-uSLUG-sZKOLENIOWYCH-2-768x432.jpg 768w, https:\/\/uniejow.pl\/ucop\/wp-content\/uploads\/2025\/09\/mENNICA-uSLUG-sZKOLENIOWYCH-2.jpg 1280w\" sizes=\"auto, (max-width: 1024px) 100vw, 1024px\" \/><\/a><\/figure>\n","protected":false},"excerpt":{"rendered":"<p>Poni\u017cej prezentujemy aktualne nabory i programy dla przedsi\u0119biorc\u00f3w lub os\u00f3b fizycznych chc\u0105cych podj\u0105\u0107 dzia\u0142alno\u015b\u0107 gospodarcz\u0105. Je\u015bli chcesz dowiedzie\u0107 si\u0119 wi\u0119cej, [&#8230;]<\/p>\n<p><a class=\"btn btn-secondary understrap-read-more-link\" href=\"https:\/\/uniejow.pl\/ucop\/aktualne-nabory\/\">Czytaj dalej\u2026<span class=\"screen-reader-text\"> from Aktualne nabory<\/span><\/a><\/p>\n","protected":false},"author":2,"featured_media":0,"parent":0,"menu_order":0,"comment_status":"closed","ping_status":"closed","template":"","meta":{"_acf_changed":false,"footnotes":""},"class_list":["post-297","page","type-page","status-publish","hentry"],"acf":[],"_links":{"self":[{"href":"https:\/\/uniejow.pl\/ucop\/wp-json\/wp\/v2\/pages\/297","targetHints":{"allow":["GET"]}}],"collection":[{"href":"https:\/\/uniejow.pl\/ucop\/wp-json\/wp\/v2\/pages"}],"about":[{"href":"https:\/\/uniejow.pl\/ucop\/wp-json\/wp\/v2\/types\/page"}],"author":[{"embeddable":true,"href":"https:\/\/uniejow.pl\/ucop\/wp-json\/wp\/v2\/users\/2"}],"replies":[{"embeddable":true,"href":"https:\/\/uniejow.pl\/ucop\/wp-json\/wp\/v2\/comments?post=297"}],"version-history":[{"count":92,"href":"https:\/\/uniejow.pl\/ucop\/wp-json\/wp\/v2\/pages\/297\/revisions"}],"predecessor-version":[{"id":2857,"href":"https:\/\/uniejow.pl\/ucop\/wp-json\/wp\/v2\/pages\/297\/revisions\/2857"}],"wp:attachment":[{"href":"https:\/\/uniejow.pl\/ucop\/wp-json\/wp\/v2\/media?parent=297"}],"curies":[{"name":"wp","href":"https:\/\/api.w.org\/{rel}","templated":true}]}}