{"id":303,"date":"2024-12-05T10:13:55","date_gmt":"2024-12-05T09:13:55","guid":{"rendered":"https:\/\/uniejow.pl\/ucop\/?page_id=303"},"modified":"2026-03-31T09:43:40","modified_gmt":"2026-03-31T08:43:40","slug":"branza-rolno-spozywcza","status":"publish","type":"page","link":"https:\/\/uniejow.pl\/ucop\/branza-rolno-spozywcza\/","title":{"rendered":"Bran\u017ca rolno-spo\u017cywcza"},"content":{"rendered":"\n<p>W tym miejscu znajdziesz informacje dotycz\u0105ce wykorzystania w\u00f3d geotermalnych do rozwoju bran\u017cy rolno-spo\u017cywczej. Tre\u015bci, kt\u00f3re przedstawiamy stanowi\u0105 wyci\u0105g z dokumentu \u201eUniejowska woda geotermalna dla Twojego biznesu: jak j\u0105 wykorzysta\u0107 do budowania przewagi konkurencyjnej w bran\u017cy rolno-spo\u017cywczej\u201d. Dokument \u2013 opracowany w ramach projektu wsp\u00f3\u0142finansowanego ze \u015brodk\u00f3w Europejskiego Funduszu Rozwoju Regionalnego, w ramach programu Fundusze Europejskie dla \u0141\u00f3dzkiego 2021\u20132027 \u2013 stanowi swego rodzaju raport z przeprowadzonej analizy mo\u017cliwo\u015bci wdro\u017cenia rozwi\u0105za\u0144 geotermalnych w dzia\u0142alno\u015bci firm z sektora rolno-spo\u017cywczego \u2014 w uj\u0119ciu technologicznym, komercyjnym, marketingowym, finansowym, prawnym i mi\u0119dzynarodowym. Przedstawione informacje maj\u0105 charakter informacyjny i nie stanowi\u0105 oferty handlowej w rozumieniu przepis\u00f3w prawa.<\/p>\n\n\n\n<figure class=\"wp-block-image size-large\"><img loading=\"lazy\" decoding=\"async\" width=\"1024\" height=\"142\" src=\"https:\/\/uniejow.pl\/ucop\/wp-content\/uploads\/2026\/02\/dolne_logotypy_poziom_ciag_znakow_COP-1024x142.jpg\" alt=\"\" class=\"wp-image-2505\" srcset=\"https:\/\/uniejow.pl\/ucop\/wp-content\/uploads\/2026\/02\/dolne_logotypy_poziom_ciag_znakow_COP-1024x142.jpg 1024w, https:\/\/uniejow.pl\/ucop\/wp-content\/uploads\/2026\/02\/dolne_logotypy_poziom_ciag_znakow_COP-300x41.jpg 300w, https:\/\/uniejow.pl\/ucop\/wp-content\/uploads\/2026\/02\/dolne_logotypy_poziom_ciag_znakow_COP-768x106.jpg 768w, https:\/\/uniejow.pl\/ucop\/wp-content\/uploads\/2026\/02\/dolne_logotypy_poziom_ciag_znakow_COP-1536x212.jpg 1536w, https:\/\/uniejow.pl\/ucop\/wp-content\/uploads\/2026\/02\/dolne_logotypy_poziom_ciag_znakow_COP-2048x283.jpg 2048w\" sizes=\"auto, (max-width: 1024px) 100vw, 1024px\" \/><\/figure>\n\n\n\n<div class=\"wp-block-cover is-light wp-duotone-unset-1\" style=\"min-height:201px;aspect-ratio:unset;\"><img loading=\"lazy\" decoding=\"async\" width=\"1024\" height=\"579\" class=\"wp-block-cover__image-background wp-image-2512 size-large\" alt=\"\" src=\"https:\/\/uniejow.pl\/ucop\/wp-content\/uploads\/2026\/02\/czyszczenie-marchewki-w-fabryce-1024x579.jpg\" data-object-fit=\"cover\" srcset=\"https:\/\/uniejow.pl\/ucop\/wp-content\/uploads\/2026\/02\/czyszczenie-marchewki-w-fabryce-1024x579.jpg 1024w, https:\/\/uniejow.pl\/ucop\/wp-content\/uploads\/2026\/02\/czyszczenie-marchewki-w-fabryce-300x170.jpg 300w, https:\/\/uniejow.pl\/ucop\/wp-content\/uploads\/2026\/02\/czyszczenie-marchewki-w-fabryce-768x434.jpg 768w, https:\/\/uniejow.pl\/ucop\/wp-content\/uploads\/2026\/02\/czyszczenie-marchewki-w-fabryce-1536x868.jpg 1536w, https:\/\/uniejow.pl\/ucop\/wp-content\/uploads\/2026\/02\/czyszczenie-marchewki-w-fabryce-2048x1158.jpg 2048w\" sizes=\"auto, (max-width: 1024px) 100vw, 1024px\" \/><span aria-hidden=\"true\" class=\"wp-block-cover__background has-background-dim\" style=\"background-color:#897e76\"><\/span><div class=\"wp-block-cover__inner-container is-layout-constrained wp-block-cover-is-layout-constrained\">\n<p class=\"has-text-align-center has-white-color has-text-color has-link-color has-large-font-size wp-elements-45ad2dd526a96ab925de7beb17016834\"><strong><a href=\"https:\/\/uniejow.pl\/ucop\/centrum-wiedzy-technologicznej-dla-branzy-rolno-spozywczej\/\"><mark style=\"background-color:rgba(0, 0, 0, 0)\" class=\"has-inline-color has-white-color\">ZAGADNIENIA <br>TECHNOLOGICZNE<\/mark><\/a><\/strong><\/p>\n<\/div><\/div>\n\n\n\n<p><\/p>\n\n\n\n<div class=\"wp-block-cover is-light\" style=\"min-height:186px;aspect-ratio:unset;\"><img loading=\"lazy\" decoding=\"async\" width=\"1024\" height=\"579\" class=\"wp-block-cover__image-background wp-image-2512 size-large\" alt=\"\" src=\"https:\/\/uniejow.pl\/ucop\/wp-content\/uploads\/2026\/02\/czyszczenie-marchewki-w-fabryce-1024x579.jpg\" data-object-fit=\"cover\" srcset=\"https:\/\/uniejow.pl\/ucop\/wp-content\/uploads\/2026\/02\/czyszczenie-marchewki-w-fabryce-1024x579.jpg 1024w, https:\/\/uniejow.pl\/ucop\/wp-content\/uploads\/2026\/02\/czyszczenie-marchewki-w-fabryce-300x170.jpg 300w, https:\/\/uniejow.pl\/ucop\/wp-content\/uploads\/2026\/02\/czyszczenie-marchewki-w-fabryce-768x434.jpg 768w, https:\/\/uniejow.pl\/ucop\/wp-content\/uploads\/2026\/02\/czyszczenie-marchewki-w-fabryce-1536x868.jpg 1536w, https:\/\/uniejow.pl\/ucop\/wp-content\/uploads\/2026\/02\/czyszczenie-marchewki-w-fabryce-2048x1158.jpg 2048w\" sizes=\"auto, (max-width: 1024px) 100vw, 1024px\" \/><span aria-hidden=\"true\" class=\"wp-block-cover__background has-background-dim\" style=\"background-color:#897e76\"><\/span><div class=\"wp-block-cover__inner-container is-layout-constrained wp-block-cover-is-layout-constrained\">\n<p class=\"has-text-align-center has-white-color has-text-color has-link-color has-large-font-size wp-elements-ad2493f7a712b8429fd56a5fd7b82c08\"><strong><mark style=\"background-color:rgba(0, 0, 0, 0)\" class=\"has-inline-color has-white-color\"><a href=\"https:\/\/uniejow.pl\/ucop\/zagadnienia-komercyjne-w-branzy-rolno-spozywczej\/\">ZAGADNIENIA<br>KOMERCYJNE<\/a><\/mark><\/strong><\/p>\n<\/div><\/div>\n\n\n\n<p><\/p>\n","protected":false},"excerpt":{"rendered":"<p>W tym miejscu znajdziesz informacje dotycz\u0105ce wykorzystania w\u00f3d geotermalnych do rozwoju bran\u017cy rolno-spo\u017cywczej. Tre\u015bci, kt\u00f3re przedstawiamy stanowi\u0105 wyci\u0105g z dokumentu [&#8230;]<\/p>\n<p><a class=\"btn btn-secondary understrap-read-more-link\" href=\"https:\/\/uniejow.pl\/ucop\/branza-rolno-spozywcza\/\">Czytaj dalej\u2026<span class=\"screen-reader-text\"> from Bran\u017ca rolno-spo\u017cywcza<\/span><\/a><\/p>\n","protected":false},"author":2,"featured_media":0,"parent":0,"menu_order":0,"comment_status":"closed","ping_status":"closed","template":"","meta":{"_acf_changed":false,"footnotes":""},"class_list":["post-303","page","type-page","status-publish","hentry"],"acf":[],"_links":{"self":[{"href":"https:\/\/uniejow.pl\/ucop\/wp-json\/wp\/v2\/pages\/303","targetHints":{"allow":["GET"]}}],"collection":[{"href":"https:\/\/uniejow.pl\/ucop\/wp-json\/wp\/v2\/pages"}],"about":[{"href":"https:\/\/uniejow.pl\/ucop\/wp-json\/wp\/v2\/types\/page"}],"author":[{"embeddable":true,"href":"https:\/\/uniejow.pl\/ucop\/wp-json\/wp\/v2\/users\/2"}],"replies":[{"embeddable":true,"href":"https:\/\/uniejow.pl\/ucop\/wp-json\/wp\/v2\/comments?post=303"}],"version-history":[{"count":9,"href":"https:\/\/uniejow.pl\/ucop\/wp-json\/wp\/v2\/pages\/303\/revisions"}],"predecessor-version":[{"id":2924,"href":"https:\/\/uniejow.pl\/ucop\/wp-json\/wp\/v2\/pages\/303\/revisions\/2924"}],"wp:attachment":[{"href":"https:\/\/uniejow.pl\/ucop\/wp-json\/wp\/v2\/media?parent=303"}],"curies":[{"name":"wp","href":"https:\/\/api.w.org\/{rel}","templated":true}]}}