{"id":306,"date":"2024-12-05T10:18:22","date_gmt":"2024-12-05T09:18:22","guid":{"rendered":"https:\/\/uniejow.pl\/ucop\/?page_id=306"},"modified":"2026-04-16T09:11:53","modified_gmt":"2026-04-16T08:11:53","slug":"branza-kosmetyczna","status":"publish","type":"page","link":"https:\/\/uniejow.pl\/ucop\/branza-kosmetyczna\/","title":{"rendered":"Bran\u017ca kosmetyczna"},"content":{"rendered":"\n<p>W tym miejscu znajdziesz informacje dotycz\u0105ce wykorzystania w\u00f3d geotermalnych do rozwoju bran\u017cy kosmetycznej, w tym wellness. Tre\u015bci, kt\u00f3re przedstawiamy stanowi\u0105 wyci\u0105g z dokumentu &#8222;Uniejowska woda geotermalna dla Twojego biznesu: jak j\u0105 wykorzysta\u0107 do budowania przewagi konkurencyjnej w bran\u017cy kosmetycznej i wellness&#8221;. Dokument &#8211; opracowany w ramach projektu wsp\u00f3\u0142finansowanego ze \u015brodk\u00f3w Europejskiego Funduszu Rozwoju Regionalnego, w ramach programu Fundusze Europejskie dla \u0141\u00f3dzkiego 2021\u20132027 &#8211; stanowi swego rodzaju raport z przeprowadzonej analizy mo\u017cliwo\u015bci wdro\u017cenia rozwi\u0105za\u0144 geotermalnych w dzia\u0142alno\u015bci firm z sektora kosmetycznego, w tym wellness \u2014 w uj\u0119ciu technologicznym, komercyjnym, marketingowym, finansowym, prawnym i mi\u0119dzynarodowym. Przedstawione informacje maj\u0105 charakter informacyjny i nie stanowi\u0105 oferty handlowej w rozumieniu przepis\u00f3w prawa.<\/p>\n\n\n\n<figure class=\"wp-block-image size-large is-resized\"><img loading=\"lazy\" decoding=\"async\" width=\"1024\" height=\"142\" src=\"https:\/\/uniejow.pl\/ucop\/wp-content\/uploads\/2026\/02\/dolne_logotypy_poziom_ciag_znakow_COP-1024x142.jpg\" alt=\"\" class=\"wp-image-2505\" style=\"aspect-ratio:7.211332313708224;width:772px;height:auto\" srcset=\"https:\/\/uniejow.pl\/ucop\/wp-content\/uploads\/2026\/02\/dolne_logotypy_poziom_ciag_znakow_COP-1024x142.jpg 1024w, https:\/\/uniejow.pl\/ucop\/wp-content\/uploads\/2026\/02\/dolne_logotypy_poziom_ciag_znakow_COP-300x41.jpg 300w, https:\/\/uniejow.pl\/ucop\/wp-content\/uploads\/2026\/02\/dolne_logotypy_poziom_ciag_znakow_COP-768x106.jpg 768w, https:\/\/uniejow.pl\/ucop\/wp-content\/uploads\/2026\/02\/dolne_logotypy_poziom_ciag_znakow_COP-1536x212.jpg 1536w, https:\/\/uniejow.pl\/ucop\/wp-content\/uploads\/2026\/02\/dolne_logotypy_poziom_ciag_znakow_COP-2048x283.jpg 2048w\" sizes=\"auto, (max-width: 1024px) 100vw, 1024px\" \/><\/figure>\n\n\n\n<div class=\"wp-block-cover is-light\" style=\"min-height:217px;aspect-ratio:unset;\"><img loading=\"lazy\" decoding=\"async\" width=\"1024\" height=\"462\" class=\"wp-block-cover__image-background wp-image-2403 size-large\" alt=\"\" src=\"https:\/\/uniejow.pl\/ucop\/wp-content\/uploads\/2026\/02\/20250814_083501-1-1024x462.jpg\" data-object-fit=\"cover\" srcset=\"https:\/\/uniejow.pl\/ucop\/wp-content\/uploads\/2026\/02\/20250814_083501-1-1024x462.jpg 1024w, https:\/\/uniejow.pl\/ucop\/wp-content\/uploads\/2026\/02\/20250814_083501-1-300x135.jpg 300w, https:\/\/uniejow.pl\/ucop\/wp-content\/uploads\/2026\/02\/20250814_083501-1-768x346.jpg 768w, https:\/\/uniejow.pl\/ucop\/wp-content\/uploads\/2026\/02\/20250814_083501-1-1536x692.jpg 1536w, https:\/\/uniejow.pl\/ucop\/wp-content\/uploads\/2026\/02\/20250814_083501-1-2048x923.jpg 2048w\" sizes=\"auto, (max-width: 1024px) 100vw, 1024px\" \/><span aria-hidden=\"true\" class=\"wp-block-cover__background has-background-dim\" style=\"background-color:#7b8d8a\"><\/span><div class=\"wp-block-cover__inner-container is-layout-constrained wp-block-cover-is-layout-constrained\">\n<p class=\"has-text-align-center has-white-color has-text-color has-link-color wp-elements-fb5bb86b4c16085aa841638e97d319f4\" style=\"font-size:45px\"><a href=\"https:\/\/uniejow.pl\/ucop\/zagadnienia-technologiczne-w-branzy-kosmetycznej\/\"><strong>ZAGADNIENIA <\/strong><br><strong>TECHNOLOGICZNE<\/strong><\/a><\/p>\n<\/div><\/div>\n\n\n\n<hr class=\"wp-block-separator has-alpha-channel-opacity\"\/>\n\n\n\n<div class=\"wp-block-cover is-light\" style=\"min-height:229px;aspect-ratio:unset;\"><img loading=\"lazy\" decoding=\"async\" width=\"1024\" height=\"462\" class=\"wp-block-cover__image-background wp-image-2403 size-large\" alt=\"\" src=\"https:\/\/uniejow.pl\/ucop\/wp-content\/uploads\/2026\/02\/20250814_083501-1-1024x462.jpg\" data-object-fit=\"cover\" srcset=\"https:\/\/uniejow.pl\/ucop\/wp-content\/uploads\/2026\/02\/20250814_083501-1-1024x462.jpg 1024w, https:\/\/uniejow.pl\/ucop\/wp-content\/uploads\/2026\/02\/20250814_083501-1-300x135.jpg 300w, https:\/\/uniejow.pl\/ucop\/wp-content\/uploads\/2026\/02\/20250814_083501-1-768x346.jpg 768w, https:\/\/uniejow.pl\/ucop\/wp-content\/uploads\/2026\/02\/20250814_083501-1-1536x692.jpg 1536w, https:\/\/uniejow.pl\/ucop\/wp-content\/uploads\/2026\/02\/20250814_083501-1-2048x923.jpg 2048w\" sizes=\"auto, (max-width: 1024px) 100vw, 1024px\" \/><span aria-hidden=\"true\" class=\"wp-block-cover__background has-background-dim\" style=\"background-color:#7b8d8a\"><\/span><div class=\"wp-block-cover__inner-container is-layout-constrained wp-block-cover-is-layout-constrained\">\n<p class=\"has-text-align-center has-white-color has-text-color has-link-color wp-elements-05ff1deabe9547dc4c7cb9f798cea72f\" style=\"font-size:45px\"><a href=\"https:\/\/uniejow.pl\/ucop\/zagadnienia-komercyjne-w-branzy-kosmetycznej-i-wellness\/\"><strong>ZAGADNIENIA <\/strong><br><strong>KOMERCYJNE<\/strong><\/a><\/p>\n<\/div><\/div>\n\n\n\n<hr class=\"wp-block-separator has-alpha-channel-opacity\"\/>\n\n\n\n<div class=\"wp-block-cover is-light\" style=\"min-height:228px;aspect-ratio:unset;\"><img loading=\"lazy\" decoding=\"async\" width=\"1024\" height=\"462\" class=\"wp-block-cover__image-background wp-image-2403 size-large\" alt=\"\" src=\"https:\/\/uniejow.pl\/ucop\/wp-content\/uploads\/2026\/02\/20250814_083501-1-1024x462.jpg\" data-object-fit=\"cover\" srcset=\"https:\/\/uniejow.pl\/ucop\/wp-content\/uploads\/2026\/02\/20250814_083501-1-1024x462.jpg 1024w, https:\/\/uniejow.pl\/ucop\/wp-content\/uploads\/2026\/02\/20250814_083501-1-300x135.jpg 300w, https:\/\/uniejow.pl\/ucop\/wp-content\/uploads\/2026\/02\/20250814_083501-1-768x346.jpg 768w, https:\/\/uniejow.pl\/ucop\/wp-content\/uploads\/2026\/02\/20250814_083501-1-1536x692.jpg 1536w, https:\/\/uniejow.pl\/ucop\/wp-content\/uploads\/2026\/02\/20250814_083501-1-2048x923.jpg 2048w\" sizes=\"auto, (max-width: 1024px) 100vw, 1024px\" \/><span aria-hidden=\"true\" class=\"wp-block-cover__background has-background-dim\" style=\"background-color:#7b8d8a\"><\/span><div class=\"wp-block-cover__inner-container is-layout-constrained wp-block-cover-is-layout-constrained\">\n<p class=\"has-text-align-center has-white-color has-text-color has-link-color wp-elements-0afb0598d0240070972527b4b8e58bd6\" style=\"font-size:45px\"><a href=\"https:\/\/uniejow.pl\/ucop\/zagadnienia-marketingowe-w-branzy-kosmetycznej\/\"><strong>ZAGADNIENIA <\/strong><br><strong>MARKETINGOWE<\/strong><\/a><\/p>\n<\/div><\/div>\n\n\n\n<hr class=\"wp-block-separator has-alpha-channel-opacity\"\/>\n\n\n\n<div class=\"wp-block-cover is-light\" style=\"min-height:225px;aspect-ratio:unset;\"><img loading=\"lazy\" decoding=\"async\" width=\"1024\" height=\"462\" class=\"wp-block-cover__image-background wp-image-2403 size-large\" alt=\"\" src=\"https:\/\/uniejow.pl\/ucop\/wp-content\/uploads\/2026\/02\/20250814_083501-1-1024x462.jpg\" data-object-fit=\"cover\" srcset=\"https:\/\/uniejow.pl\/ucop\/wp-content\/uploads\/2026\/02\/20250814_083501-1-1024x462.jpg 1024w, https:\/\/uniejow.pl\/ucop\/wp-content\/uploads\/2026\/02\/20250814_083501-1-300x135.jpg 300w, https:\/\/uniejow.pl\/ucop\/wp-content\/uploads\/2026\/02\/20250814_083501-1-768x346.jpg 768w, https:\/\/uniejow.pl\/ucop\/wp-content\/uploads\/2026\/02\/20250814_083501-1-1536x692.jpg 1536w, https:\/\/uniejow.pl\/ucop\/wp-content\/uploads\/2026\/02\/20250814_083501-1-2048x923.jpg 2048w\" sizes=\"auto, (max-width: 1024px) 100vw, 1024px\" \/><span aria-hidden=\"true\" class=\"wp-block-cover__background has-background-dim\" style=\"background-color:#7b8d8a\"><\/span><div class=\"wp-block-cover__inner-container is-layout-constrained wp-block-cover-is-layout-constrained\">\n<p class=\"has-text-align-center has-white-color has-text-color has-link-color wp-elements-9e19e37780f02a2598f44e01f9cc35bf\" style=\"font-size:45px\"><strong>ZAGADNIENIA <\/strong><br><strong>FINANSOWE<\/strong><\/p>\n<\/div><\/div>\n\n\n\n<hr class=\"wp-block-separator has-alpha-channel-opacity\"\/>\n\n\n\n<div class=\"wp-block-cover is-light\" style=\"min-height:223px;aspect-ratio:unset;\"><img loading=\"lazy\" decoding=\"async\" width=\"1024\" height=\"462\" class=\"wp-block-cover__image-background wp-image-2403 size-large\" alt=\"\" src=\"https:\/\/uniejow.pl\/ucop\/wp-content\/uploads\/2026\/02\/20250814_083501-1-1024x462.jpg\" data-object-fit=\"cover\" srcset=\"https:\/\/uniejow.pl\/ucop\/wp-content\/uploads\/2026\/02\/20250814_083501-1-1024x462.jpg 1024w, https:\/\/uniejow.pl\/ucop\/wp-content\/uploads\/2026\/02\/20250814_083501-1-300x135.jpg 300w, https:\/\/uniejow.pl\/ucop\/wp-content\/uploads\/2026\/02\/20250814_083501-1-768x346.jpg 768w, https:\/\/uniejow.pl\/ucop\/wp-content\/uploads\/2026\/02\/20250814_083501-1-1536x692.jpg 1536w, https:\/\/uniejow.pl\/ucop\/wp-content\/uploads\/2026\/02\/20250814_083501-1-2048x923.jpg 2048w\" sizes=\"auto, (max-width: 1024px) 100vw, 1024px\" \/><span aria-hidden=\"true\" class=\"wp-block-cover__background has-background-dim\" style=\"background-color:#7b8d8a\"><\/span><div class=\"wp-block-cover__inner-container is-layout-constrained wp-block-cover-is-layout-constrained\">\n<p class=\"has-text-align-center has-white-color has-text-color has-link-color wp-elements-3acecdbd91e4aa7f3621b50238403c98\" style=\"font-size:45px\"><strong>ZAGADNIENIA <\/strong><br><strong>PRAWNE<\/strong><\/p>\n<\/div><\/div>\n\n\n\n<hr class=\"wp-block-separator has-alpha-channel-opacity\"\/>\n\n\n\n<div class=\"wp-block-cover is-light\" style=\"min-height:224px;aspect-ratio:unset;\"><img loading=\"lazy\" decoding=\"async\" width=\"1024\" height=\"462\" class=\"wp-block-cover__image-background wp-image-2403 size-large\" alt=\"\" src=\"https:\/\/uniejow.pl\/ucop\/wp-content\/uploads\/2026\/02\/20250814_083501-1-1024x462.jpg\" data-object-fit=\"cover\" srcset=\"https:\/\/uniejow.pl\/ucop\/wp-content\/uploads\/2026\/02\/20250814_083501-1-1024x462.jpg 1024w, https:\/\/uniejow.pl\/ucop\/wp-content\/uploads\/2026\/02\/20250814_083501-1-300x135.jpg 300w, https:\/\/uniejow.pl\/ucop\/wp-content\/uploads\/2026\/02\/20250814_083501-1-768x346.jpg 768w, https:\/\/uniejow.pl\/ucop\/wp-content\/uploads\/2026\/02\/20250814_083501-1-1536x692.jpg 1536w, https:\/\/uniejow.pl\/ucop\/wp-content\/uploads\/2026\/02\/20250814_083501-1-2048x923.jpg 2048w\" sizes=\"auto, (max-width: 1024px) 100vw, 1024px\" \/><span aria-hidden=\"true\" class=\"wp-block-cover__background has-background-dim\" style=\"background-color:#7b8d8a\"><\/span><div class=\"wp-block-cover__inner-container is-layout-constrained wp-block-cover-is-layout-constrained\">\n<p class=\"has-text-align-center has-white-color has-text-color has-link-color wp-elements-0d457f7ba0d4d68d63ec42a88efa441d\" style=\"font-size:45px\"><strong>INTERNACJONALIZACJA<\/strong><\/p>\n<\/div><\/div>\n\n\n\n<p><\/p>\n","protected":false},"excerpt":{"rendered":"<p>W tym miejscu znajdziesz informacje dotycz\u0105ce wykorzystania w\u00f3d geotermalnych do rozwoju bran\u017cy kosmetycznej, w tym wellness. Tre\u015bci, kt\u00f3re przedstawiamy stanowi\u0105 [&#8230;]<\/p>\n<p><a class=\"btn btn-secondary understrap-read-more-link\" href=\"https:\/\/uniejow.pl\/ucop\/branza-kosmetyczna\/\">Czytaj dalej\u2026<span class=\"screen-reader-text\"> from Bran\u017ca kosmetyczna<\/span><\/a><\/p>\n","protected":false},"author":2,"featured_media":0,"parent":0,"menu_order":0,"comment_status":"closed","ping_status":"closed","template":"","meta":{"_acf_changed":false,"footnotes":""},"class_list":["post-306","page","type-page","status-publish","hentry"],"acf":[],"_links":{"self":[{"href":"https:\/\/uniejow.pl\/ucop\/wp-json\/wp\/v2\/pages\/306","targetHints":{"allow":["GET"]}}],"collection":[{"href":"https:\/\/uniejow.pl\/ucop\/wp-json\/wp\/v2\/pages"}],"about":[{"href":"https:\/\/uniejow.pl\/ucop\/wp-json\/wp\/v2\/types\/page"}],"author":[{"embeddable":true,"href":"https:\/\/uniejow.pl\/ucop\/wp-json\/wp\/v2\/users\/2"}],"replies":[{"embeddable":true,"href":"https:\/\/uniejow.pl\/ucop\/wp-json\/wp\/v2\/comments?post=306"}],"version-history":[{"count":18,"href":"https:\/\/uniejow.pl\/ucop\/wp-json\/wp\/v2\/pages\/306\/revisions"}],"predecessor-version":[{"id":2955,"href":"https:\/\/uniejow.pl\/ucop\/wp-json\/wp\/v2\/pages\/306\/revisions\/2955"}],"wp:attachment":[{"href":"https:\/\/uniejow.pl\/ucop\/wp-json\/wp\/v2\/media?parent=306"}],"curies":[{"name":"wp","href":"https:\/\/api.w.org\/{rel}","templated":true}]}}