{"id":308,"date":"2024-12-05T10:18:39","date_gmt":"2024-12-05T09:18:39","guid":{"rendered":"https:\/\/uniejow.pl\/ucop\/?page_id=308"},"modified":"2026-03-31T09:42:50","modified_gmt":"2026-03-31T08:42:50","slug":"branza-energetyczna","status":"publish","type":"page","link":"https:\/\/uniejow.pl\/ucop\/branza-energetyczna\/","title":{"rendered":"Bran\u017ca energetyczna"},"content":{"rendered":"\n<p>W tym miejscu znajdziesz informacje dotycz\u0105ce wykorzystania w\u00f3d geotermalnych do rozwoju bran\u017cy energetycznej. Tre\u015bci, kt\u00f3re przedstawiamy stanowi\u0105 wyci\u0105g z dokumentu &#8222;Uniejowska woda geotermalna dla Twojego biznesu: jak j\u0105 wykorzysta\u0107 do budowania przewagi konkurencyjnej w bran\u017cy energetycznej&#8221;. Dokument &#8211; opracowany w ramach projektu wsp\u00f3\u0142finansowanego ze \u015brodk\u00f3w Europejskiego Funduszu Rozwoju Regionalnego, w ramach programu Fundusze Europejskie dla \u0141\u00f3dzkiego 2021\u20132027 &#8211; stanowi swego rodzaju raport z przeprowadzonej analizy mo\u017cliwo\u015bci wdro\u017cenia rozwi\u0105za\u0144 geotermalnych w dzia\u0142alno\u015bci firm z sektora energetycznego \u2014 w uj\u0119ciu technologicznym, komercyjnym, marketingowym, finansowym, prawnym i mi\u0119dzynarodowym. Przedstawione informacje maj\u0105 charakter informacyjny i nie stanowi\u0105 oferty handlowej w rozumieniu przepis\u00f3w prawa.<\/p>\n\n\n\n<figure class=\"wp-block-image size-large\"><img loading=\"lazy\" decoding=\"async\" width=\"1024\" height=\"142\" src=\"https:\/\/uniejow.pl\/ucop\/wp-content\/uploads\/2026\/02\/dolne_logotypy_poziom_ciag_znakow_COP-1024x142.jpg\" alt=\"\" class=\"wp-image-2505\" srcset=\"https:\/\/uniejow.pl\/ucop\/wp-content\/uploads\/2026\/02\/dolne_logotypy_poziom_ciag_znakow_COP-1024x142.jpg 1024w, https:\/\/uniejow.pl\/ucop\/wp-content\/uploads\/2026\/02\/dolne_logotypy_poziom_ciag_znakow_COP-300x41.jpg 300w, https:\/\/uniejow.pl\/ucop\/wp-content\/uploads\/2026\/02\/dolne_logotypy_poziom_ciag_znakow_COP-768x106.jpg 768w, https:\/\/uniejow.pl\/ucop\/wp-content\/uploads\/2026\/02\/dolne_logotypy_poziom_ciag_znakow_COP-1536x212.jpg 1536w, https:\/\/uniejow.pl\/ucop\/wp-content\/uploads\/2026\/02\/dolne_logotypy_poziom_ciag_znakow_COP-2048x283.jpg 2048w\" sizes=\"auto, (max-width: 1024px) 100vw, 1024px\" \/><\/figure>\n\n\n\n<div class=\"wp-block-cover is-light\" style=\"min-height:162px;aspect-ratio:unset;\"><img loading=\"lazy\" decoding=\"async\" width=\"1024\" height=\"683\" class=\"wp-block-cover__image-background wp-image-2690 size-large\" alt=\"\" src=\"https:\/\/uniejow.pl\/ucop\/wp-content\/uploads\/2026\/03\/baseny-uniejow-1024x683.jpg\" data-object-fit=\"cover\" srcset=\"https:\/\/uniejow.pl\/ucop\/wp-content\/uploads\/2026\/03\/baseny-uniejow-1024x683.jpg 1024w, https:\/\/uniejow.pl\/ucop\/wp-content\/uploads\/2026\/03\/baseny-uniejow-300x200.jpg 300w, https:\/\/uniejow.pl\/ucop\/wp-content\/uploads\/2026\/03\/baseny-uniejow-768x512.jpg 768w, https:\/\/uniejow.pl\/ucop\/wp-content\/uploads\/2026\/03\/baseny-uniejow-1536x1024.jpg 1536w, https:\/\/uniejow.pl\/ucop\/wp-content\/uploads\/2026\/03\/baseny-uniejow-2048x1366.jpg 2048w\" sizes=\"auto, (max-width: 1024px) 100vw, 1024px\" \/><span aria-hidden=\"true\" class=\"wp-block-cover__background has-background-dim\" style=\"background-color:#8ca3ba\"><\/span><div class=\"wp-block-cover__inner-container is-layout-constrained wp-block-cover-is-layout-constrained\">\n<p class=\"has-text-align-center has-white-color has-text-color has-link-color has-large-font-size wp-elements-3bc7468ff6e1d4336c96a2ffa0838530\"><a href=\"https:\/\/uniejow.pl\/ucop\/centrum-wiedzy-technologicznej-dla-branzy-energetycznej\/\"><mark style=\"background-color:rgba(0, 0, 0, 0)\" class=\"has-inline-color has-white-color\"><strong>ZAGADNIENIA <br>TECHNOLOGICZNE<\/strong><\/mark><\/a><\/p>\n<\/div><\/div>\n\n\n\n<p><\/p>\n\n\n\n<div class=\"wp-block-cover is-light\" style=\"min-height:164px;aspect-ratio:unset;\"><img loading=\"lazy\" decoding=\"async\" width=\"1024\" height=\"683\" class=\"wp-block-cover__image-background wp-image-2690 size-large\" alt=\"\" src=\"https:\/\/uniejow.pl\/ucop\/wp-content\/uploads\/2026\/03\/baseny-uniejow-1024x683.jpg\" data-object-fit=\"cover\" srcset=\"https:\/\/uniejow.pl\/ucop\/wp-content\/uploads\/2026\/03\/baseny-uniejow-1024x683.jpg 1024w, https:\/\/uniejow.pl\/ucop\/wp-content\/uploads\/2026\/03\/baseny-uniejow-300x200.jpg 300w, https:\/\/uniejow.pl\/ucop\/wp-content\/uploads\/2026\/03\/baseny-uniejow-768x512.jpg 768w, https:\/\/uniejow.pl\/ucop\/wp-content\/uploads\/2026\/03\/baseny-uniejow-1536x1024.jpg 1536w, https:\/\/uniejow.pl\/ucop\/wp-content\/uploads\/2026\/03\/baseny-uniejow-2048x1366.jpg 2048w\" sizes=\"auto, (max-width: 1024px) 100vw, 1024px\" \/><span aria-hidden=\"true\" class=\"wp-block-cover__background has-background-dim\" style=\"background-color:#8ca3ba\"><\/span><div class=\"wp-block-cover__inner-container is-layout-constrained wp-block-cover-is-layout-constrained\">\n<p class=\"has-text-align-center has-white-color has-text-color has-link-color has-large-font-size wp-elements-07018c659ad271e17d5101fb73f20ae3\"><strong><a href=\"https:\/\/uniejow.pl\/ucop\/zagadnienia-komercyjne-w-branzy-energetycznej\/\"><mark style=\"background-color:rgba(0, 0, 0, 0)\" class=\"has-inline-color has-white-color\">ZAGADNIENIA <br>KOMERCYJNE<\/mark><\/a><\/strong><\/p>\n<\/div><\/div>\n\n\n\n<p><\/p>\n","protected":false},"excerpt":{"rendered":"<p>W tym miejscu znajdziesz informacje dotycz\u0105ce wykorzystania w\u00f3d geotermalnych do rozwoju bran\u017cy energetycznej. Tre\u015bci, kt\u00f3re przedstawiamy stanowi\u0105 wyci\u0105g z dokumentu [&#8230;]<\/p>\n<p><a class=\"btn btn-secondary understrap-read-more-link\" href=\"https:\/\/uniejow.pl\/ucop\/branza-energetyczna\/\">Czytaj dalej\u2026<span class=\"screen-reader-text\"> from Bran\u017ca energetyczna<\/span><\/a><\/p>\n","protected":false},"author":2,"featured_media":0,"parent":0,"menu_order":0,"comment_status":"closed","ping_status":"closed","template":"","meta":{"_acf_changed":false,"footnotes":""},"class_list":["post-308","page","type-page","status-publish","hentry"],"acf":[],"_links":{"self":[{"href":"https:\/\/uniejow.pl\/ucop\/wp-json\/wp\/v2\/pages\/308","targetHints":{"allow":["GET"]}}],"collection":[{"href":"https:\/\/uniejow.pl\/ucop\/wp-json\/wp\/v2\/pages"}],"about":[{"href":"https:\/\/uniejow.pl\/ucop\/wp-json\/wp\/v2\/types\/page"}],"author":[{"embeddable":true,"href":"https:\/\/uniejow.pl\/ucop\/wp-json\/wp\/v2\/users\/2"}],"replies":[{"embeddable":true,"href":"https:\/\/uniejow.pl\/ucop\/wp-json\/wp\/v2\/comments?post=308"}],"version-history":[{"count":12,"href":"https:\/\/uniejow.pl\/ucop\/wp-json\/wp\/v2\/pages\/308\/revisions"}],"predecessor-version":[{"id":2922,"href":"https:\/\/uniejow.pl\/ucop\/wp-json\/wp\/v2\/pages\/308\/revisions\/2922"}],"wp:attachment":[{"href":"https:\/\/uniejow.pl\/ucop\/wp-json\/wp\/v2\/media?parent=308"}],"curies":[{"name":"wp","href":"https:\/\/api.w.org\/{rel}","templated":true}]}}