{"id":482,"date":"2024-12-16T13:42:30","date_gmt":"2024-12-16T12:42:30","guid":{"rendered":"https:\/\/uniejow.pl\/ucop\/?page_id=482"},"modified":"2026-03-20T10:18:45","modified_gmt":"2026-03-20T09:18:45","slug":"eksport","status":"publish","type":"page","link":"https:\/\/uniejow.pl\/ucop\/eksport\/","title":{"rendered":"EKSPORT"},"content":{"rendered":"\n<p>Przy analizowaniu mo\u017cliwo\u015bci eksportu produkt\u00f3w i us\u0142ug na rynki zagraniczne, warto si\u0119gn\u0105\u0107 po niezwykle pomocne informacje znajduj\u0105ce si\u0119 na stronie Polskiej Agencji Inwestycji i Handlu, kt\u00f3ra wspiera przedsi\u0119biorc\u00f3w w ekspansji na rynki zagraniczne. Pakiet wsparcia oferowany przez PAIH obejmuje m.in.:<br><\/p>\n\n\n\n<ol class=\"wp-block-list\">\n<li>Analiza potencja\u0142u eksportowego<\/li>\n\n\n\n<li>Przygotowanie pakiet\u00f3w informacyjnych<\/li>\n\n\n\n<li>Organizacja spotka\u0144 B2B<\/li>\n\n\n\n<li>Organizacja misji biznesowych<\/li>\n\n\n\n<li>Opracowanie listy i weryfikacja partner\u00f3w biznesowych<\/li>\n\n\n\n<li>Opracowywanie strategii ekspansji na wybrane rynki<\/li>\n\n\n\n<li>Wsparcie w kontaktach z administracj\u0105<\/li>\n\n\n\n<li><\/li>\n<\/ol>\n\n\n\n<p>Poni\u017cej znajdziesz przygotowany przez PAIH poradnik dotycz\u0105cy pierwszych krok\u00f3w zwi\u0105zanych z eksportem oraz Podcast pt.: &#8222;\u0141\u00f3d\u017a &#8211; dobre relacje i wsparcie w ekspansji&#8221;.<\/p>\n\n\n\n<p>Drugim wa\u017cnym miejscem, b\u0119d\u0105cym jednocze\u015bnie nieocenionym \u017ar\u00f3d\u0142em informacji jest portal trade.gov.pl prowadzony przez Ministerstwo Rozwoju i Technologii. Poni\u017cej zamieszczamy przydatne linki. <\/p>\n\n\n\n<p>(\u017ar\u00f3d\u0142a: <a href=\"https:\/\/www.paih.gov.pl\/\">https:\/\/www.paih.gov.pl\/<\/a>, <a href=\"https:\/\/www.trade.gov.pl\/\">trade.gov.pl<\/a>)<\/p>\n\n\n\n<figure class=\"wp-block-image size-large is-resized\"><a href=\"https:\/\/publikacje.paih.gov.pl\/ocena_potencjalu_eksportowego\/?_gl=1*1khcbas*_ga*ODcxODE3NTI0LjE3MzQzNTE1OTM.*_ga_76HX6TX2KC*MTczNDM1MTU5Mi4xLjEuMTczNDM1NDg0NC4wLjAuMA..*_ga_V8M606C1MN*MTczNDM1MTU5Mi4xLjEuMTczNDM1NDg0NC4wLjAuMA..\"><img loading=\"lazy\" decoding=\"async\" width=\"1024\" height=\"576\" src=\"https:\/\/uniejow.pl\/ucop\/wp-content\/uploads\/2024\/12\/przygotowanie-do-eksportu-1024x576.png\" alt=\"\" class=\"wp-image-489\" style=\"aspect-ratio:1.7778212293653828;width:329px;height:auto\" srcset=\"https:\/\/uniejow.pl\/ucop\/wp-content\/uploads\/2024\/12\/przygotowanie-do-eksportu-1024x576.png 1024w, https:\/\/uniejow.pl\/ucop\/wp-content\/uploads\/2024\/12\/przygotowanie-do-eksportu-300x169.png 300w, https:\/\/uniejow.pl\/ucop\/wp-content\/uploads\/2024\/12\/przygotowanie-do-eksportu-768x432.png 768w, https:\/\/uniejow.pl\/ucop\/wp-content\/uploads\/2024\/12\/przygotowanie-do-eksportu.png 1280w\" sizes=\"auto, (max-width: 1024px) 100vw, 1024px\" \/><\/a><\/figure>\n\n\n\n<figure class=\"wp-block-image size-full is-resized\"><a href=\"https:\/\/www.investinlodzkie.com\/wsparcie-dla-eksportera-invest-in-lodzkie\/\"><img loading=\"lazy\" decoding=\"async\" width=\"478\" height=\"268\" src=\"https:\/\/uniejow.pl\/ucop\/wp-content\/uploads\/2025\/03\/invest-in-Lodz-3.png\" alt=\"\" class=\"wp-image-1353\" style=\"aspect-ratio:1.7835550839537868;width:318px;height:auto\" srcset=\"https:\/\/uniejow.pl\/ucop\/wp-content\/uploads\/2025\/03\/invest-in-Lodz-3.png 478w, https:\/\/uniejow.pl\/ucop\/wp-content\/uploads\/2025\/03\/invest-in-Lodz-3-300x168.png 300w\" sizes=\"auto, (max-width: 478px) 100vw, 478px\" \/><\/a><\/figure>\n\n\n\n<div class=\"wp-block-media-text is-stacked-on-mobile\" style=\"grid-template-columns:39% auto\"><figure class=\"wp-block-media-text__media\"><a href=\"https:\/\/www.paih.gov.pl\/news\/podcast-z-polski-na-globalne-rynki-odc-1-rbh-lodz\/\"><img loading=\"lazy\" decoding=\"async\" width=\"800\" height=\"600\" src=\"https:\/\/uniejow.pl\/ucop\/wp-content\/uploads\/2025\/01\/Z-Polski-na-globalne-rynki_gl.jpg\" alt=\"\" class=\"wp-image-645 size-full\" srcset=\"https:\/\/uniejow.pl\/ucop\/wp-content\/uploads\/2025\/01\/Z-Polski-na-globalne-rynki_gl.jpg 800w, https:\/\/uniejow.pl\/ucop\/wp-content\/uploads\/2025\/01\/Z-Polski-na-globalne-rynki_gl-300x225.jpg 300w, https:\/\/uniejow.pl\/ucop\/wp-content\/uploads\/2025\/01\/Z-Polski-na-globalne-rynki_gl-768x576.jpg 768w\" sizes=\"auto, (max-width: 800px) 100vw, 800px\" \/><\/a><\/figure><div class=\"wp-block-media-text__content\">\n<p>Podcast pt.: \u201e\u0141\u00f3d\u017a \u2013 dobre relacje i wsparcie <br>w ekspansji\u201d, w kt\u00f3rym Pani El\u017cbieta Krzy\u017canowska-Firl\u0105g z&nbsp;Regionalnego Biura Handlowego PAIH w \u0141odzi,&nbsp;m\u00f3wi o potencjale eksportowym regionu, silnych obszarach \u0142\u00f3dzkiego <br>i wsparciu \u015bwiadczonym przez RBH PAIH.<\/p>\n<\/div><\/div>\n\n\n\n<p><\/p>\n\n\n\n<div class=\"wp-block-media-text is-stacked-on-mobile\" style=\"grid-template-columns:39% auto\"><figure class=\"wp-block-media-text__media\"><a href=\"https:\/\/www.trade.gov.pl\/azjatycka-mozaika-biznesu\/\"><img loading=\"lazy\" decoding=\"async\" width=\"940\" height=\"788\" src=\"https:\/\/uniejow.pl\/ucop\/wp-content\/uploads\/2025\/03\/Azjatycka-mozaika-biznesu.jpg\" alt=\"\" class=\"wp-image-1336 size-full\" srcset=\"https:\/\/uniejow.pl\/ucop\/wp-content\/uploads\/2025\/03\/Azjatycka-mozaika-biznesu.jpg 940w, https:\/\/uniejow.pl\/ucop\/wp-content\/uploads\/2025\/03\/Azjatycka-mozaika-biznesu-300x251.jpg 300w, https:\/\/uniejow.pl\/ucop\/wp-content\/uploads\/2025\/03\/Azjatycka-mozaika-biznesu-768x644.jpg 768w\" sizes=\"auto, (max-width: 940px) 100vw, 940px\" \/><\/a><\/figure><div class=\"wp-block-media-text__content\">\n<p>Azjatycka Mozaika Biznesu to seria opracowa\u0144 dost\u0119pna na portalu trade.gov, przybli\u017caj\u0105ca specyfik\u0119 gospodarcz\u0105 kraj\u00f3w Azji, kluczowe trendy oraz praktyczne strategie, kt\u00f3re wspieraj\u0105 efektywn\u0105 wsp\u00f3\u0142prac\u0119 z partnerami z tego regionu.<\/p>\n<\/div><\/div>\n\n\n\n<div class=\"wp-block-media-text is-stacked-on-mobile\" style=\"grid-template-columns:39% auto\"><figure class=\"wp-block-media-text__media\"><a href=\"https:\/\/pmt.paih.gov.pl\/o-projekcie\/\"><img loading=\"lazy\" decoding=\"async\" width=\"940\" height=\"788\" src=\"https:\/\/uniejow.pl\/ucop\/wp-content\/uploads\/2025\/06\/polskie-mosty-technologiczne-1.jpg\" alt=\"\" class=\"wp-image-1886 size-full\" srcset=\"https:\/\/uniejow.pl\/ucop\/wp-content\/uploads\/2025\/06\/polskie-mosty-technologiczne-1.jpg 940w, https:\/\/uniejow.pl\/ucop\/wp-content\/uploads\/2025\/06\/polskie-mosty-technologiczne-1-300x251.jpg 300w, https:\/\/uniejow.pl\/ucop\/wp-content\/uploads\/2025\/06\/polskie-mosty-technologiczne-1-768x644.jpg 768w\" sizes=\"auto, (max-width: 940px) 100vw, 940px\" \/><\/a><\/figure><div class=\"wp-block-media-text__content\">\n<p><strong>Polskie Mosty Technologiczne<\/strong> to projekt realizowany w ramach Programu Fundusze Europejskie dla Nowoczesnej Gospodarki 2021-2027 i kontynuacja inicjatywy realizowanej pod t\u0105 sam\u0105 nazw\u0105 przez PAIH w latach 2018-2023.<\/p>\n\n\n\n<p>Celem Projektu jest wsparcie polskich przedsi\u0119biorstw posiadaj\u0105cych innowacyjne produkty, us\u0142ugi b\u0105d\u017a technologie w&nbsp;procesie internacjonalizacji na wyselekcjonowane rynki pozaunijne z wykorzystaniem r\u00f3\u017cnych modeli e-commerce.<\/p>\n<\/div><\/div>\n\n\n\n<p>   <\/p>\n\n\n\n<div class=\"wp-block-media-text is-stacked-on-mobile\" style=\"grid-template-columns:40% auto\"><figure class=\"wp-block-media-text__media\"><a href=\"https:\/\/www.trade.gov.pl\/wiedza\/strategie-ekspansji-polskich-przedsiebiorstw-na-rynki-pozaeuropejskie\/\"><img loading=\"lazy\" decoding=\"async\" width=\"724\" height=\"1024\" src=\"https:\/\/uniejow.pl\/ucop\/wp-content\/uploads\/2026\/03\/strategie-ekspansji-724x1024.png\" alt=\"\" class=\"wp-image-2799 size-full\" srcset=\"https:\/\/uniejow.pl\/ucop\/wp-content\/uploads\/2026\/03\/strategie-ekspansji-724x1024.png 724w, https:\/\/uniejow.pl\/ucop\/wp-content\/uploads\/2026\/03\/strategie-ekspansji-212x300.png 212w, https:\/\/uniejow.pl\/ucop\/wp-content\/uploads\/2026\/03\/strategie-ekspansji-768x1086.png 768w, https:\/\/uniejow.pl\/ucop\/wp-content\/uploads\/2026\/03\/strategie-ekspansji.png 1086w\" sizes=\"auto, (max-width: 724px) 100vw, 724px\" \/><\/a><\/figure><div class=\"wp-block-media-text__content\">\n<p>Raport pt.\u00a0<strong><em>\u201eStrategie ekspansji polskich przedsi\u0119biorstw na rynki pozaeuropejskie jako element budowania odporno\u015bci gospodarczej\u201d<\/em><\/strong><\/p>\n<\/div><\/div>\n\n\n\n<p><\/p>\n\n\n\n<div class=\"wp-block-group is-nowrap is-layout-flex wp-container-core-group-is-layout-ad2f72ca wp-block-group-is-layout-flex\">\n<figure class=\"wp-block-image size-full\"><a href=\"https:\/\/www.trade.gov.pl\/wiedza\/eksport-polskich-kosmetykow-do-wielkiej-brytanii-czesc-1-2\/\"><img loading=\"lazy\" decoding=\"async\" width=\"940\" height=\"788\" src=\"https:\/\/uniejow.pl\/ucop\/wp-content\/uploads\/2026\/03\/6-2.jpg\" alt=\"\" class=\"wp-image-2804\" srcset=\"https:\/\/uniejow.pl\/ucop\/wp-content\/uploads\/2026\/03\/6-2.jpg 940w, https:\/\/uniejow.pl\/ucop\/wp-content\/uploads\/2026\/03\/6-2-300x251.jpg 300w, https:\/\/uniejow.pl\/ucop\/wp-content\/uploads\/2026\/03\/6-2-768x644.jpg 768w\" sizes=\"auto, (max-width: 940px) 100vw, 940px\" \/><\/a><\/figure>\n\n\n\n<figure class=\"wp-block-image size-full\"><a href=\"https:\/\/www.trade.gov.pl\/wiedza\/eksport-kosmetykow-do-uk-wymogi-prawne-i-praktyczne-porady-czesc-2-2\/\"><img loading=\"lazy\" decoding=\"async\" width=\"940\" height=\"788\" src=\"https:\/\/uniejow.pl\/ucop\/wp-content\/uploads\/2026\/03\/7.jpg\" alt=\"\" class=\"wp-image-2805\" srcset=\"https:\/\/uniejow.pl\/ucop\/wp-content\/uploads\/2026\/03\/7.jpg 940w, https:\/\/uniejow.pl\/ucop\/wp-content\/uploads\/2026\/03\/7-300x251.jpg 300w, https:\/\/uniejow.pl\/ucop\/wp-content\/uploads\/2026\/03\/7-768x644.jpg 768w\" sizes=\"auto, (max-width: 940px) 100vw, 940px\" \/><\/a><\/figure>\n<\/div>\n","protected":false},"excerpt":{"rendered":"<p>Przy analizowaniu mo\u017cliwo\u015bci eksportu produkt\u00f3w i us\u0142ug na rynki zagraniczne, warto si\u0119gn\u0105\u0107 po niezwykle pomocne informacje znajduj\u0105ce si\u0119 na stronie [&#8230;]<\/p>\n<p><a class=\"btn btn-secondary understrap-read-more-link\" href=\"https:\/\/uniejow.pl\/ucop\/eksport\/\">Czytaj dalej\u2026<span class=\"screen-reader-text\"> from EKSPORT<\/span><\/a><\/p>\n","protected":false},"author":2,"featured_media":0,"parent":0,"menu_order":0,"comment_status":"closed","ping_status":"closed","template":"","meta":{"_acf_changed":false,"footnotes":""},"class_list":["post-482","page","type-page","status-publish","hentry"],"acf":[],"_links":{"self":[{"href":"https:\/\/uniejow.pl\/ucop\/wp-json\/wp\/v2\/pages\/482","targetHints":{"allow":["GET"]}}],"collection":[{"href":"https:\/\/uniejow.pl\/ucop\/wp-json\/wp\/v2\/pages"}],"about":[{"href":"https:\/\/uniejow.pl\/ucop\/wp-json\/wp\/v2\/types\/page"}],"author":[{"embeddable":true,"href":"https:\/\/uniejow.pl\/ucop\/wp-json\/wp\/v2\/users\/2"}],"replies":[{"embeddable":true,"href":"https:\/\/uniejow.pl\/ucop\/wp-json\/wp\/v2\/comments?post=482"}],"version-history":[{"count":25,"href":"https:\/\/uniejow.pl\/ucop\/wp-json\/wp\/v2\/pages\/482\/revisions"}],"predecessor-version":[{"id":2809,"href":"https:\/\/uniejow.pl\/ucop\/wp-json\/wp\/v2\/pages\/482\/revisions\/2809"}],"wp:attachment":[{"href":"https:\/\/uniejow.pl\/ucop\/wp-json\/wp\/v2\/media?parent=482"}],"curies":[{"name":"wp","href":"https:\/\/api.w.org\/{rel}","templated":true}]}}