{"id":93,"date":"2024-11-06T14:47:09","date_gmt":"2024-11-06T14:47:09","guid":{"rendered":"http:\/\/uniejow.local\/?page_id=93"},"modified":"2024-11-18T08:48:33","modified_gmt":"2024-11-18T08:48:33","slug":"umow-sie-z-doradca","status":"publish","type":"page","link":"https:\/\/uniejow.pl\/ucop\/umow-sie-z-doradca\/","title":{"rendered":"Um\u00f3w si\u0119 z doradc\u0105"},"content":{"rendered":"\n<p><\/p>\n\n\n\n<div style=\"height:100px\" aria-hidden=\"true\" class=\"wp-block-spacer\"><\/div>\n\n\n\n<div class=\"wpcf7 no-js\" id=\"wpcf7-f96-o1\" lang=\"pl-PL\" dir=\"ltr\" data-wpcf7-id=\"96\">\n<div class=\"screen-reader-response\"><p role=\"status\" aria-live=\"polite\" aria-atomic=\"true\"><\/p> <ul><\/ul><\/div>\n<form action=\"\/ucop\/wp-json\/wp\/v2\/pages\/93#wpcf7-f96-o1\" method=\"post\" class=\"wpcf7-form init\" aria-label=\"Formularz kontaktowy\" novalidate=\"novalidate\" data-status=\"init\">\n<div style=\"display: none;\">\n<input type=\"hidden\" name=\"_wpcf7\" value=\"96\" \/>\n<input type=\"hidden\" name=\"_wpcf7_version\" value=\"6.0\" \/>\n<input type=\"hidden\" name=\"_wpcf7_locale\" value=\"pl_PL\" \/>\n<input type=\"hidden\" name=\"_wpcf7_unit_tag\" value=\"wpcf7-f96-o1\" \/>\n<input type=\"hidden\" name=\"_wpcf7_container_post\" value=\"0\" \/>\n<input type=\"hidden\" name=\"_wpcf7_posted_data_hash\" value=\"\" \/>\n<input type=\"hidden\" name=\"_wpcf7cf_hidden_group_fields\" value=\"[]\" \/>\n<input type=\"hidden\" name=\"_wpcf7cf_hidden_groups\" value=\"[]\" \/>\n<input type=\"hidden\" name=\"_wpcf7cf_visible_groups\" value=\"[]\" \/>\n<input type=\"hidden\" name=\"_wpcf7cf_repeaters\" value=\"[]\" \/>\n<input type=\"hidden\" name=\"_wpcf7cf_steps\" value=\"{}\" \/>\n<input type=\"hidden\" name=\"_wpcf7cf_options\" value=\"{&quot;form_id&quot;:96,&quot;conditions&quot;:[],&quot;settings&quot;:{&quot;animation&quot;:&quot;yes&quot;,&quot;animation_intime&quot;:200,&quot;animation_outtime&quot;:200,&quot;conditions_ui&quot;:&quot;normal&quot;,&quot;notice_dismissed&quot;:false}}\" \/>\n<input type=\"hidden\" name=\"_wpcf7_recaptcha_response\" value=\"\" \/>\n<\/div>\n<p class=\"form_title mb-4\">Wype\u0142nij formularz zg\u0142oszeniowy\n<\/p>\n<div class = 'row contact_form_conntent'>\n\t<div class = 'col-sm-12 col-md-12 cell'>\n\t\t<div class='col-sm-12 w-48'>\n\t\t\t<p><label for = 'your-name'>Imi\u0119<\/label><br \/>\n<span class=\"wpcf7-form-control-wrap\" data-name=\"your-name\"><input size=\"40\" maxlength=\"400\" class=\"wpcf7-form-control wpcf7-text wpcf7-validates-as-required name-form\" aria-required=\"true\" aria-invalid=\"false\" placeholder=\"Imi\u0119\" value=\"\" type=\"text\" name=\"your-name\" \/><\/span>\n\t\t\t<\/p>\n\t\t<\/div>\n\t\t<div class='col-sm-12 w-48'>\n\t\t\t<p><label for = 'your-name'>Nazwisko<\/label><br \/>\n<span class=\"wpcf7-form-control-wrap\" data-name=\"your-name\"><input size=\"40\" maxlength=\"400\" class=\"wpcf7-form-control wpcf7-text wpcf7-validates-as-required name-form\" aria-required=\"true\" aria-invalid=\"false\" placeholder=\"Nazwisko\" value=\"\" type=\"text\" name=\"your-name\" \/><\/span>\n\t\t\t<\/p>\n\t\t<\/div>\n\t\t<div class='col-sm-12 col-md-12'>\n\t\t\t<p><label for = 'your-email'>Tw\u00f3j adres e-mail<\/label><br \/>\n<span class=\"wpcf7-form-control-wrap\" data-name=\"your-email\"><input size=\"40\" maxlength=\"400\" class=\"wpcf7-form-control wpcf7-email wpcf7-validates-as-required wpcf7-text wpcf7-validates-as-email email-form\" aria-required=\"true\" aria-invalid=\"false\" placeholder=\"Adres e-mail\" value=\"\" type=\"email\" name=\"your-email\" \/><\/span>\n\t\t\t<\/p>\n\t\t<\/div>\n\t\t<div class='col-sm-12 col-md-12'>\n\t\t\t<p><span class=\"wpcf7-form-control-wrap\" data-name=\"your-number\"><input size=\"40\" maxlength=\"400\" class=\"wpcf7-form-control wpcf7-tel wpcf7-text wpcf7-validates-as-tel number-form\" aria-invalid=\"false\" placeholder=\"Numer telefonu\" value=\"\" type=\"tel\" name=\"your-number\" \/><\/span>\n\t\t\t<\/p>\n\t\t<\/div>\n\t\t<div class='col-sm-12 col-md-12'>\n\t\t\t<p><span class=\"wpcf7-form-control-wrap\" data-name=\"your-firma\"><input size=\"40\" maxlength=\"400\" class=\"wpcf7-form-control wpcf7-text firma-form\" aria-invalid=\"false\" placeholder=\"Nazwa firmy\" value=\"\" type=\"text\" name=\"your-firma\" \/><\/span>\n\t\t\t<\/p>\n\t\t<\/div>\n\t\t<div class='col-sm-12 col-md-12'>\n\t\t\t<p><span class=\"wpcf7-form-control-wrap\" data-name=\"data\"><input class=\"wpcf7-form-control wpcf7-date wpcf7-validates-as-date firma-form\" aria-invalid=\"false\" placeholder=\"Data spotkania\" value=\"\" type=\"date\" name=\"data\" \/><\/span>\n\t\t\t<\/p>\n\t\t<\/div>\n\t\t<div class='col-sm-12 col-md-12'>\n\t\t\t<p><span class=\"wpcf7-form-control-wrap\" data-name=\"your-text\"><textarea cols=\"40\" rows=\"10\" maxlength=\"2000\" class=\"wpcf7-form-control wpcf7-textarea text-form hght157\" aria-invalid=\"false\" placeholder=\"Tre\u015b\u0107 wiadomo\u015bci\" name=\"your-text\"><\/textarea><\/span>\n\t\t\t<\/p>\n\t\t<\/div>\n\t<\/div>\n\t<p><span class=\"wpcf7-form-control-wrap\" data-name=\"acceptance-354\"><span class=\"wpcf7-form-control wpcf7-acceptance\"><span class=\"wpcf7-list-item\"><label><input type=\"checkbox\" name=\"acceptance-354\" value=\"1\" class=\"form_checkbox\" aria-invalid=\"false\" \/><span class=\"wpcf7-list-item-label\">o\u015bwiadczam, \u017ce zapozna\u0142em\/-\u0142am si\u0119 z <a href=\"https:\/\/uniejow.pl\/ucop\/rodo\">obowi\u0105zkiem informacyjnym RODO<\/a><\/span><\/label><\/span><\/span><\/span>\n\t<\/p>\n\t<div class=\"form-group\">\n\t\t<p><input class=\"wpcf7-form-control wpcf7-submit has-spinner cf7submit\" type=\"submit\" value=\"Wy\u015blij zg\u0142oszenie\" \/>\n\t\t<\/p>\n\t<\/div>\n<\/div><div class=\"wpcf7-response-output\" aria-hidden=\"true\"><\/div>\n<\/form>\n<\/div>\n\n","protected":false},"excerpt":{"rendered":"<p> [&#8230;]<\/p>\n<p><a class=\"btn btn-secondary understrap-read-more-link\" href=\"https:\/\/uniejow.pl\/ucop\/umow-sie-z-doradca\/\">Czytaj dalej\u2026<span class=\"screen-reader-text\"> from Um\u00f3w si\u0119 z doradc\u0105<\/span><\/a><\/p>\n","protected":false},"author":1,"featured_media":0,"parent":0,"menu_order":0,"comment_status":"closed","ping_status":"closed","template":"","meta":{"_acf_changed":false,"footnotes":""},"class_list":["post-93","page","type-page","status-publish","hentry"],"acf":[],"_links":{"self":[{"href":"https:\/\/uniejow.pl\/ucop\/wp-json\/wp\/v2\/pages\/93","targetHints":{"allow":["GET"]}}],"collection":[{"href":"https:\/\/uniejow.pl\/ucop\/wp-json\/wp\/v2\/pages"}],"about":[{"href":"https:\/\/uniejow.pl\/ucop\/wp-json\/wp\/v2\/types\/page"}],"author":[{"embeddable":true,"href":"https:\/\/uniejow.pl\/ucop\/wp-json\/wp\/v2\/users\/1"}],"replies":[{"embeddable":true,"href":"https:\/\/uniejow.pl\/ucop\/wp-json\/wp\/v2\/comments?post=93"}],"version-history":[{"count":5,"href":"https:\/\/uniejow.pl\/ucop\/wp-json\/wp\/v2\/pages\/93\/revisions"}],"predecessor-version":[{"id":177,"href":"https:\/\/uniejow.pl\/ucop\/wp-json\/wp\/v2\/pages\/93\/revisions\/177"}],"wp:attachment":[{"href":"https:\/\/uniejow.pl\/ucop\/wp-json\/wp\/v2\/media?parent=93"}],"curies":[{"name":"wp","href":"https:\/\/api.w.org\/{rel}","templated":true}]}}